{"id":385,"date":"2022-04-18T13:59:03","date_gmt":"2022-04-18T06:59:03","guid":{"rendered":"https:\/\/auroravungtau.vn\/?page_id=385"},"modified":"2024-10-02T11:36:20","modified_gmt":"2024-10-02T04:36:20","slug":"hoi-nghi","status":"publish","type":"page","link":"https:\/\/auroravungtau.vn\/vi\/hoi-nghi\/","title":{"rendered":"H\u1ed9i ngh\u1ecb"},"content":{"rendered":"\n\r\n  <div class=\"banner has-hover\" id=\"banner-151944375\">\r\n          <div class=\"banner-inner fill\">\r\n        <div class=\"banner-bg fill\" >\r\n            <div class=\"bg fill bg-fill \"><\/div>\r\n                        <div class=\"overlay\"><\/div>            \r\n                    <\/div>\r\n        <div class=\"banner-layers container\">\r\n            <div class=\"fill banner-link\"><\/div>            \n\n   <div id=\"text-box-15513686\" class=\"text-box banner-layer x50 md-x50 lg-x50 y50 md-y50 lg-y50 res-text\">\r\n                                <div class=\"text-box-content text dark\">\r\n              \r\n              <div class=\"text-inner text-center\">\r\n                  \n\n<h3 class=\"svnb\"><span style=\"font-size: 36px;\">D\u1ecaCH V\u1ee4 H\u1ed8I NGH\u1eca<\/span><\/h3>\n\n              <\/div>\r\n           <\/div>\r\n                            \n<style>\n#text-box-15513686 {\n  width: 60%;\n}\n#text-box-15513686 .text-box-content {\n  font-size: 100%;\n}\n<\/style>\n    <\/div>\r\n \n\n        <\/div>\r\n      <\/div>\r\n\r\n            \n<style>\n#banner-151944375 {\n  padding-top: 500px;\n}\n#banner-151944375 .bg.bg-loaded {\n  background-image: url(https:\/\/auroravungtau.vn\/wp-content\/uploads\/2024\/10\/ANH-BANNER.jpg);\n}\n#banner-151944375 .overlay {\n  background-color: rgba(96, 96, 96, 0.36);\n}\n#banner-151944375 .bg {\n  background-position: 61% 94%;\n}\n<\/style>\n  <\/div>\r\n\r\n\n<div class=\"row align-center\"  id=\"row-571549543\">\n\n\r\n\t<div id=\"col-898971279\" class=\"col small-12 large-12\"  >\r\n\t\t\t\t<div class=\"col-inner\"  >\r\n\t\t\t\r\n\t\t\t\n\n\t<div id=\"text-1130859481\" class=\"text\">\r\n\t\t\n\n<h1 class=\"t-center2 svnb\"><span style=\"color: #dfbc85;\">H\u1ed8I NGH\u1eca, TRI\u1ec2N L\u00c3M<\/span><\/h1>\n<h1 class=\"letrai\"><stronG>\u0110\u1eb3ng C\u1ea5p<\/strong><\/h1>\n\t\t\n<style>\n#text-1130859481 {\n  line-height: 1.85;\n  text-align: center;\n  color: rgb(0,0,0);\n}\n#text-1130859481 > * {\n  color: rgb(0,0,0);\n}\n<\/style>\n\t<\/div>\r\n\t\n\n\t\t<\/div>\r\n\t\t\t\t\t<\/div>\r\n\r\n\t\n\r\n\t<div id=\"col-1494313025\" class=\"col small-12 large-12\"  >\r\n\t\t\t\t<div class=\"col-inner\"  >\r\n\t\t\t\r\n\t\t\t\n\n\r\n  <div class=\"banner has-hover\" id=\"banner-1040364852\">\r\n          <div class=\"banner-inner fill\">\r\n        <div class=\"banner-bg fill\" >\r\n            <div class=\"bg fill bg-fill \"><\/div>\r\n                                    \r\n                    <\/div>\r\n        <div class=\"banner-layers container\">\r\n            <div class=\"fill banner-link\"><\/div>            \n\n\n        <\/div>\r\n      <\/div>\r\n\r\n            \n<style>\n#banner-1040364852 {\n  padding-top: 500px;\n}\n#banner-1040364852 .bg.bg-loaded {\n  background-image: url(https:\/\/auroravungtau.vn\/wp-content\/uploads\/2024\/10\/anh-chinh.jpg);\n}\n#banner-1040364852 .bg {\n  background-position: 38% 68%;\n}\n<\/style>\n  <\/div>\r\n\r\n\n\t<div id=\"gap-1949902160\" class=\"gap-element clearfix\" style=\"display:block; height:auto;\">\r\n\t\t\n<style>\n#gap-1949902160 {\n  padding-top: 60px;\n}\n<\/style>\n\t<\/div>\r\n\t\n\n<div class=\"svngr\"><span style=\"font-size: 18px;\">\u0110\u1ed1i v\u1edbi c\u00e1c doanh nghi\u1ec7p, vi\u1ec7c l\u1ef1a ch\u1ecdn \u0111\u1ecba \u0111i\u1ec3m t\u1ed5 ch\u1ee9c s\u1ef1 ki\u1ec7n kh\u00f4ng ch\u1ec9 d\u1eebng l\u1ea1i \u1edf v\u1ecb tr\u00ed, m\u00e0 c\u00f2n c\u1ea7n m\u1ed9t th\u01b0\u01a1ng hi\u1ec7u th\u1ec3 hi\u1ec7n s\u1ef1 chuy\u00ean nghi\u1ec7p v\u00e0 chu \u0111\u00e1o trong vi\u1ec7c ph\u1ee5c v\u1ee5. Vi\u1ec7c l\u1ef1a ch\u1ecdn \u0111\u1ecba \u0111i\u1ec3m t\u1ed5 ch\u1ee9c s\u1ef1 ki\u1ec7n \u2013 h\u1ed9i ngh\u1ecb ch\u00ednh l\u00e0 kh\u1eb3ng \u0111\u1ecbnh danh ti\u1ebfng v\u00e0 uy t\u00edn c\u1ee7a doanh nghi\u1ec7p.<\/span><\/div>\n<div>\u00a0<\/div>\n<div class=\"svngr\"><span style=\"font-size: 18px;\">Aurora Event Center t\u1ef1 h\u00e0o mang \u0111\u1ebfn l\u1ed1i ki\u1ebfn tr\u00fac hi\u1ec7n \u0111\u1ea1i, kh\u00f4ng gian linh ho\u1ea1t v\u00e0 s\u1ee9c ch\u1ee9a r\u1ed9ng l\u1edbn, ph\u00f9 h\u1ee3p cho nhi\u1ec1u lo\u1ea1i h\u00ecnh s\u1ef1 ki\u1ec7n. Ch\u00fang t\u00f4i cam k\u1ebft mang l\u1ea1i s\u1ef1 chuy\u00ean nghi\u1ec7p t\u1ed1i \u0111a, t\u1eeb kh\u00e2u l\u00ean k\u1ebf ho\u1ea1ch, trang tr\u00ed \u0111\u1ebfn th\u1ef1c hi\u1ec7n, gi\u00fap doanh nghi\u1ec7p t\u1ed5 ch\u1ee9c nh\u1eefng s\u1ef1 ki\u1ec7n ho\u00e0n h\u1ea3o, t\u1ea1o \u1ea5n t\u01b0\u1ee3ng s\u00e2u s\u1eafc v\u1edbi \u0111\u1ed1i t\u00e1c v\u00e0 kh\u00e1ch h\u00e0ng. V\u1edbi ng\u00e2n s\u00e1ch linh ho\u1ea1t v\u00e0 d\u1ecbch v\u1ee5 ch\u1ea5t l\u01b0\u1ee3ng, ch\u00fang t\u00f4i s\u1eb5n s\u00e0ng \u0111\u00e1p \u1ee9ng m\u1ecdi nhu c\u1ea7u c\u1ee7a qu\u00fd doanh nghi\u1ec7p, kh\u1eb3ng \u0111\u1ecbnh gi\u00e1 tr\u1ecb v\u00e0 uy t\u00edn th\u01b0\u01a1ng hi\u1ec7u c\u1ee7a qu\u00fd v\u1ecb.<\/span><\/div>\n\t<div id=\"gap-123261351\" class=\"gap-element clearfix\" style=\"display:block; height:auto;\">\r\n\t\t\n<style>\n#gap-123261351 {\n  padding-top: 20px;\n}\n<\/style>\n\t<\/div>\r\n\t\n\n\n\t\t<\/div>\r\n\t\t\t\t\t<\/div>\r\n\r\n\t\n\r\n\t<div id=\"col-947270907\" class=\"col medium-4 small-12 large-4\"  >\r\n\t\t\t\t<div class=\"col-inner text-center\"  >\r\n\t\t\t\r\n\t\t\t\n\n<a href=\"\/lien-he\" target=\"_self\" class=\"button success is-large svnme hbuton\"  style=\"border-radius:10px;\">\r\n    <span>B\u00c1O GI\u00c1 NGAY<\/span>\r\n  <\/a>\r\n\n\n\n\t\t<\/div>\r\n\t\t\t\t\t<\/div>\r\n\r\n\t\n\n<\/div>\n<div class=\"row row-collapse\"  id=\"row-803468964\">\n\n\r\n\t<div id=\"col-2146812526\" class=\"col small-12 large-12\"  >\r\n\t\t\t\t<div class=\"col-inner\"  >\r\n\t\t\t\r\n\t\t\t\n\n<div class=\"slider-wrapper relative\" id=\"slider-2086651970\" >\r\n    <div class=\"slider slider-nav-simple slider-nav-large slider-nav-dark slider-nav-outside slider-style-normal slider-show-nav\"\r\n        data-flickity-options='{\r\n            \"cellAlign\": \"center\",\r\n            \"imagesLoaded\": true,\r\n            \"lazyLoad\": 1,\r\n            \"freeScroll\": false,\r\n            \"wrapAround\": true,\r\n            \"autoPlay\": 6000,\r\n            \"pauseAutoPlayOnHover\" : true,\r\n            \"prevNextButtons\": true,\r\n            \"contain\" : true,\r\n            \"adaptiveHeight\" : true,\r\n            \"dragThreshold\" : 10,\r\n            \"percentPosition\": true,\r\n            \"pageDots\": false,\r\n            \"rightToLeft\": false,\r\n            \"draggable\": true,\r\n            \"selectedAttraction\": 0.1,\r\n            \"parallax\" : 0,\r\n            \"friction\": 0.6        }'\r\n        >\r\n        \n\n  <div class=\"banner-grid-wrapper\">\r\n  <div id=\"banner-grid-1987116895\" class=\"banner-grid row row-grid row-small\" data-packery-options=\"\">\r\n                      \n\n<div class=\"col grid-col large-4 grid-col-1-2\" ><div class=\"col-inner\">\n\n\t<div class=\"img has-hover x md-x lg-x y md-y lg-y\" id=\"image_951355421\">\r\n\t\t\t\t\t\t\t\t<div class=\"img-inner dark\" >\r\n\t\t\t<img loading=\"lazy\" decoding=\"async\" width=\"410\" height=\"316\" src=\"https:\/\/auroravungtau.vn\/wp-content\/uploads\/2024\/10\/z4470353635099_b96d320a9a9c91bde8927b8e7c3d0808.jpg\" class=\"attachment-original size-original\" alt=\"\" \/>\t\t\t\t\t\t\r\n\t\t\t\t\t<\/div>\r\n\t\t\t\t\t\t\t\t\n<style>\n#image_951355421 {\n  width: 100%;\n}\n<\/style>\n\t<\/div>\r\n\t\n\n\n<\/div><\/div>\n<div class=\"col grid-col large-4 grid-col-1-2\" ><div class=\"col-inner\">\n\n\t<div class=\"img has-hover x md-x lg-x y md-y lg-y\" id=\"image_718572330\">\r\n\t\t\t\t\t\t\t\t<div class=\"img-inner dark\" >\r\n\t\t\t<img loading=\"lazy\" decoding=\"async\" width=\"410\" height=\"316\" src=\"https:\/\/auroravungtau.vn\/wp-content\/uploads\/2024\/10\/z4470353629356_6d3df3679e52b68950ddddba609281a1.jpg\" class=\"attachment-original size-original\" alt=\"\" \/>\t\t\t\t\t\t\r\n\t\t\t\t\t<\/div>\r\n\t\t\t\t\t\t\t\t\n<style>\n#image_718572330 {\n  width: 100%;\n}\n<\/style>\n\t<\/div>\r\n\t\n\n\n<\/div><\/div>\n<div class=\"col grid-col large-4 grid-col-1-2\" ><div class=\"col-inner\">\n\n\t<div class=\"img has-hover x md-x lg-x y md-y lg-y\" id=\"image_1233079387\">\r\n\t\t\t\t\t\t\t\t<div class=\"img-inner dark\" >\r\n\t\t\t<img loading=\"lazy\" decoding=\"async\" width=\"410\" height=\"316\" src=\"https:\/\/auroravungtau.vn\/wp-content\/uploads\/2024\/10\/z3921554272316_a01fc9614c2dafaa0abdfd7764e66f98.jpg\" class=\"attachment-original size-original\" alt=\"\" \/>\t\t\t\t\t\t\r\n\t\t\t\t\t<\/div>\r\n\t\t\t\t\t\t\t\t\n<style>\n#image_1233079387 {\n  width: 100%;\n}\n<\/style>\n\t<\/div>\r\n\t\n\n\n<\/div><\/div>\n<div class=\"col grid-col large-4 grid-col-1-2\" ><div class=\"col-inner\">\n\n\t<div class=\"img has-hover x md-x lg-x y md-y lg-y\" id=\"image_1556577435\">\r\n\t\t\t\t\t\t\t\t<div class=\"img-inner dark\" >\r\n\t\t\t<img loading=\"lazy\" decoding=\"async\" width=\"410\" height=\"316\" src=\"https:\/\/auroravungtau.vn\/wp-content\/uploads\/2024\/10\/z4470353750423_860a1e38cfe0ae5ab558112834b338b6.jpg\" class=\"attachment-original size-original\" alt=\"\" \/>\t\t\t\t\t\t\r\n\t\t\t\t\t<\/div>\r\n\t\t\t\t\t\t\t\t\n<style>\n#image_1556577435 {\n  width: 100%;\n}\n<\/style>\n\t<\/div>\r\n\t\n\n\n<\/div><\/div>\n<div class=\"col grid-col large-4 grid-col-1-2\" ><div class=\"col-inner\">\n\n\t<div class=\"img has-hover x md-x lg-x y md-y lg-y\" id=\"image_270501473\">\r\n\t\t\t\t\t\t\t\t<div class=\"img-inner dark\" >\r\n\t\t\t<img loading=\"lazy\" decoding=\"async\" width=\"410\" height=\"316\" src=\"https:\/\/auroravungtau.vn\/wp-content\/uploads\/2024\/10\/z4470353712174_2d0734baf6361e8e748a62bbca3278c6.jpg\" class=\"attachment-original size-original\" alt=\"\" \/>\t\t\t\t\t\t\r\n\t\t\t\t\t<\/div>\r\n\t\t\t\t\t\t\t\t\n<style>\n#image_270501473 {\n  width: 100%;\n}\n<\/style>\n\t<\/div>\r\n\t\n\n\n<\/div><\/div>\n<div class=\"col grid-col large-4 grid-col-1-2\" ><div class=\"col-inner\">\n\n\t<div class=\"img has-hover x md-x lg-x y md-y lg-y\" id=\"image_604909016\">\r\n\t\t\t\t\t\t\t\t<div class=\"img-inner dark\" >\r\n\t\t\t<img loading=\"lazy\" decoding=\"async\" width=\"410\" height=\"316\" src=\"https:\/\/auroravungtau.vn\/wp-content\/uploads\/2024\/10\/z4470353697192_26c6159f6d5017922071c3516c4bf226.jpg\" class=\"attachment-original size-original\" alt=\"\" \/>\t\t\t\t\t\t\r\n\t\t\t\t\t<\/div>\r\n\t\t\t\t\t\t\t\t\n<style>\n#image_604909016 {\n  width: 100%;\n}\n<\/style>\n\t<\/div>\r\n\t\n\n\n<\/div><\/div>\n<div class=\"col grid-col large-4 grid-col-1-2\" ><div class=\"col-inner\">\n\n\t<div class=\"img has-hover x md-x lg-x y md-y lg-y\" id=\"image_1471920865\">\r\n\t\t\t\t\t\t\t\t<div class=\"img-inner dark\" >\r\n\t\t\t<img loading=\"lazy\" decoding=\"async\" width=\"410\" height=\"316\" src=\"https:\/\/auroravungtau.vn\/wp-content\/uploads\/2024\/10\/z3921554253950_3aa2deedd7a479e9ee4ef83e1613e616.jpg\" class=\"attachment-original size-original\" alt=\"\" \/>\t\t\t\t\t\t\r\n\t\t\t\t\t<\/div>\r\n\t\t\t\t\t\t\t\t\n<style>\n#image_1471920865 {\n  width: 100%;\n}\n<\/style>\n\t<\/div>\r\n\t\n\n\n<\/div><\/div>\n<div class=\"col grid-col large-4 grid-col-1-2\" ><div class=\"col-inner\">\n\n\t<div class=\"img has-hover x md-x lg-x y md-y lg-y\" id=\"image_1761800173\">\r\n\t\t\t\t\t\t\t\t<div class=\"img-inner dark\" >\r\n\t\t\t<img loading=\"lazy\" decoding=\"async\" width=\"410\" height=\"316\" src=\"https:\/\/auroravungtau.vn\/wp-content\/uploads\/2024\/10\/z3921554272316_a01fc9614c2dafaa0abdfd7764e66f98.jpg\" class=\"attachment-original size-original\" alt=\"\" \/>\t\t\t\t\t\t\r\n\t\t\t\t\t<\/div>\r\n\t\t\t\t\t\t\t\t\n<style>\n#image_1761800173 {\n  width: 100%;\n}\n<\/style>\n\t<\/div>\r\n\t\n\n\n<\/div><\/div>\n<div class=\"col grid-col large-4 grid-col-1-2\" ><div class=\"col-inner\">\n\n\t<div class=\"img has-hover x md-x lg-x y md-y lg-y\" id=\"image_1029367694\">\r\n\t\t\t\t\t\t\t\t<div class=\"img-inner dark\" >\r\n\t\t\t<img loading=\"lazy\" decoding=\"async\" width=\"410\" height=\"316\" src=\"https:\/\/auroravungtau.vn\/wp-content\/uploads\/2024\/10\/z4470353712174_2d0734baf6361e8e748a62bbca3278c6.jpg\" class=\"attachment-original size-original\" alt=\"\" \/>\t\t\t\t\t\t\r\n\t\t\t\t\t<\/div>\r\n\t\t\t\t\t\t\t\t\n<style>\n#image_1029367694 {\n  width: 100%;\n}\n<\/style>\n\t<\/div>\r\n\t\n\n\n<\/div><\/div>\n\n            <\/div>\r\n    <style>\r\n    #banner-grid-1987116895 .grid-col-1{height: 600px}\r\n    #banner-grid-1987116895 .grid-col-1-2{height: 300px}\r\n    #banner-grid-1987116895 .grid-col-1-3{height:200px}\r\n    #banner-grid-1987116895 .grid-col-2-3{height: 400px}\r\n    #banner-grid-1987116895 .grid-col-1-4{height: 150px}\r\n    #banner-grid-1987116895 .grid-col-3-4{height: 450px}\r\n\r\n\r\n    \r\n    \r\n\r\n  <\/style>\r\n    <\/div>\r\n  \n  <div class=\"banner-grid-wrapper\">\r\n  <div id=\"banner-grid-1889665085\" class=\"banner-grid row row-grid row-small\" data-packery-options=\"\">\r\n                      \n\n<div class=\"col grid-col large-4 grid-col-1-2\" ><div class=\"col-inner\">\n\n\t<div class=\"img has-hover x md-x lg-x y md-y lg-y\" id=\"image_263864751\">\r\n\t\t\t\t\t\t\t\t<div class=\"img-inner dark\" >\r\n\t\t\t<img loading=\"lazy\" decoding=\"async\" width=\"410\" height=\"316\" src=\"https:\/\/auroravungtau.vn\/wp-content\/uploads\/2024\/10\/z5604144289785_d4d75770cf56d6294c4eb90e49d7101b.jpg\" class=\"attachment-original size-original\" alt=\"\" \/>\t\t\t\t\t\t\r\n\t\t\t\t\t<\/div>\r\n\t\t\t\t\t\t\t\t\n<style>\n#image_263864751 {\n  width: 100%;\n}\n<\/style>\n\t<\/div>\r\n\t\n\n\n<\/div><\/div>\n<div class=\"col grid-col large-4 grid-col-1-2\" ><div class=\"col-inner\">\n\n\t<div class=\"img has-hover x md-x lg-x y md-y lg-y\" id=\"image_1888093914\">\r\n\t\t\t\t\t\t\t\t<div class=\"img-inner dark\" >\r\n\t\t\t<img loading=\"lazy\" decoding=\"async\" width=\"410\" height=\"316\" src=\"https:\/\/auroravungtau.vn\/wp-content\/uploads\/2024\/10\/z5604144289759_81bef4b761063d546711f093c05f684b.jpg\" class=\"attachment-original size-original\" alt=\"\" \/>\t\t\t\t\t\t\r\n\t\t\t\t\t<\/div>\r\n\t\t\t\t\t\t\t\t\n<style>\n#image_1888093914 {\n  width: 100%;\n}\n<\/style>\n\t<\/div>\r\n\t\n\n\n<\/div><\/div>\n<div class=\"col grid-col large-4 grid-col-1-2\" ><div class=\"col-inner\">\n\n\t<div class=\"img has-hover x md-x lg-x y md-y lg-y\" id=\"image_1165889492\">\r\n\t\t\t\t\t\t\t\t<div class=\"img-inner dark\" >\r\n\t\t\t<img loading=\"lazy\" decoding=\"async\" width=\"410\" height=\"316\" src=\"https:\/\/auroravungtau.vn\/wp-content\/uploads\/2024\/10\/z5603957045127_fdc71fc131c9d31e0cc1840381c2a4b3.jpg\" class=\"attachment-original size-original\" alt=\"\" \/>\t\t\t\t\t\t\r\n\t\t\t\t\t<\/div>\r\n\t\t\t\t\t\t\t\t\n<style>\n#image_1165889492 {\n  width: 100%;\n}\n<\/style>\n\t<\/div>\r\n\t\n\n\n<\/div><\/div>\n<div class=\"col grid-col large-4 grid-col-1-2\" ><div class=\"col-inner\">\n\n\t<div class=\"img has-hover x md-x lg-x y md-y lg-y\" id=\"image_940930074\">\r\n\t\t\t\t\t\t\t\t<div class=\"img-inner dark\" >\r\n\t\t\t<img loading=\"lazy\" decoding=\"async\" width=\"410\" height=\"316\" src=\"https:\/\/auroravungtau.vn\/wp-content\/uploads\/2024\/10\/z5603956841072_6bbcfd701f005d59b395126c5d8c75b7.jpg\" class=\"attachment-original size-original\" alt=\"\" \/>\t\t\t\t\t\t\r\n\t\t\t\t\t<\/div>\r\n\t\t\t\t\t\t\t\t\n<style>\n#image_940930074 {\n  width: 100%;\n}\n<\/style>\n\t<\/div>\r\n\t\n\n\n<\/div><\/div>\n<div class=\"col grid-col large-4 grid-col-1-2\" ><div class=\"col-inner\">\n\n\t<div class=\"img has-hover x md-x lg-x y md-y lg-y\" id=\"image_1829142250\">\r\n\t\t\t\t\t\t\t\t<div class=\"img-inner dark\" >\r\n\t\t\t<img loading=\"lazy\" decoding=\"async\" width=\"410\" height=\"316\" src=\"https:\/\/auroravungtau.vn\/wp-content\/uploads\/2024\/10\/z5603956766018_9280e4322214be3c7da0eb89666f46ed.jpg\" class=\"attachment-original size-original\" alt=\"\" \/>\t\t\t\t\t\t\r\n\t\t\t\t\t<\/div>\r\n\t\t\t\t\t\t\t\t\n<style>\n#image_1829142250 {\n  width: 100%;\n}\n<\/style>\n\t<\/div>\r\n\t\n\n\n<\/div><\/div>\n<div class=\"col grid-col large-4 grid-col-1-2\" ><div class=\"col-inner\">\n\n\t<div class=\"img has-hover x md-x lg-x y md-y lg-y\" id=\"image_118552581\">\r\n\t\t\t\t\t\t\t\t<div class=\"img-inner dark\" >\r\n\t\t\t<img loading=\"lazy\" decoding=\"async\" width=\"410\" height=\"316\" src=\"https:\/\/auroravungtau.vn\/wp-content\/uploads\/2024\/10\/z5603956755151_18fc84033ffc825878304807b78cc601.jpg\" class=\"attachment-original size-original\" alt=\"\" \/>\t\t\t\t\t\t\r\n\t\t\t\t\t<\/div>\r\n\t\t\t\t\t\t\t\t\n<style>\n#image_118552581 {\n  width: 100%;\n}\n<\/style>\n\t<\/div>\r\n\t\n\n\n<\/div><\/div>\n<div class=\"col grid-col large-4 grid-col-1-2\" ><div class=\"col-inner\">\n\n\t<div class=\"img has-hover x md-x lg-x y md-y lg-y\" id=\"image_498068598\">\r\n\t\t\t\t\t\t\t\t<div class=\"img-inner dark\" >\r\n\t\t\t<img loading=\"lazy\" decoding=\"async\" width=\"410\" height=\"316\" src=\"https:\/\/auroravungtau.vn\/wp-content\/uploads\/2024\/10\/z4470353728442_7e9bd9afbe9dd0c6899e50259cb09d4c.jpg\" class=\"attachment-original size-original\" alt=\"\" \/>\t\t\t\t\t\t\r\n\t\t\t\t\t<\/div>\r\n\t\t\t\t\t\t\t\t\n<style>\n#image_498068598 {\n  width: 100%;\n}\n<\/style>\n\t<\/div>\r\n\t\n\n\n<\/div><\/div>\n<div class=\"col grid-col large-4 grid-col-1-2\" ><div class=\"col-inner\">\n\n\t<div class=\"img has-hover x md-x lg-x y md-y lg-y\" id=\"image_2140832065\">\r\n\t\t\t\t\t\t\t\t<div class=\"img-inner dark\" >\r\n\t\t\t<img loading=\"lazy\" decoding=\"async\" width=\"410\" height=\"316\" src=\"https:\/\/auroravungtau.vn\/wp-content\/uploads\/2024\/10\/z4470353674228_4127d1ba6f0e9d4a196761bcad88c51d.jpg\" class=\"attachment-original size-original\" alt=\"\" \/>\t\t\t\t\t\t\r\n\t\t\t\t\t<\/div>\r\n\t\t\t\t\t\t\t\t\n<style>\n#image_2140832065 {\n  width: 100%;\n}\n<\/style>\n\t<\/div>\r\n\t\n\n\n<\/div><\/div>\n<div class=\"col grid-col large-4 grid-col-1-2\" ><div class=\"col-inner\">\n\n\t<div class=\"img has-hover x md-x lg-x y md-y lg-y\" id=\"image_2089791431\">\r\n\t\t\t\t\t\t\t\t<div class=\"img-inner dark\" >\r\n\t\t\t<img loading=\"lazy\" decoding=\"async\" width=\"410\" height=\"316\" src=\"https:\/\/auroravungtau.vn\/wp-content\/uploads\/2024\/10\/z3746395282600_e23e8fb5c1b13c167e86562d2408e5f5.jpg\" class=\"attachment-original size-original\" alt=\"\" \/>\t\t\t\t\t\t\r\n\t\t\t\t\t<\/div>\r\n\t\t\t\t\t\t\t\t\n<style>\n#image_2089791431 {\n  width: 100%;\n}\n<\/style>\n\t<\/div>\r\n\t\n\n\n<\/div><\/div>\n\n            <\/div>\r\n    <style>\r\n    #banner-grid-1889665085 .grid-col-1{height: 600px}\r\n    #banner-grid-1889665085 .grid-col-1-2{height: 300px}\r\n    #banner-grid-1889665085 .grid-col-1-3{height:200px}\r\n    #banner-grid-1889665085 .grid-col-2-3{height: 400px}\r\n    #banner-grid-1889665085 .grid-col-1-4{height: 150px}\r\n    #banner-grid-1889665085 .grid-col-3-4{height: 450px}\r\n\r\n\r\n    \r\n    \r\n\r\n  <\/style>\r\n    <\/div>\r\n  \n  <div class=\"banner-grid-wrapper\">\r\n  <div id=\"banner-grid-1764376493\" class=\"banner-grid row row-grid row-small\" data-packery-options=\"\">\r\n                      \n\n<div class=\"col grid-col large-4 grid-col-1-2\" ><div class=\"col-inner\">\n\n\t<div class=\"img has-hover x md-x lg-x y md-y lg-y\" id=\"image_354629299\">\r\n\t\t\t\t\t\t\t\t<div class=\"img-inner dark\" >\r\n\t\t\t<img loading=\"lazy\" decoding=\"async\" width=\"410\" height=\"316\" src=\"https:\/\/auroravungtau.vn\/wp-content\/uploads\/2024\/10\/z5782850638806_124b0ef8698c79e59dbf0079a8d9704c.jpg\" class=\"attachment-original size-original\" alt=\"\" \/>\t\t\t\t\t\t\r\n\t\t\t\t\t<\/div>\r\n\t\t\t\t\t\t\t\t\n<style>\n#image_354629299 {\n  width: 100%;\n}\n<\/style>\n\t<\/div>\r\n\t\n\n\n<\/div><\/div>\n<div class=\"col grid-col large-4 grid-col-1-2\" ><div class=\"col-inner\">\n\n\t<div class=\"img has-hover x md-x lg-x y md-y lg-y\" id=\"image_47213332\">\r\n\t\t\t\t\t\t\t\t<div class=\"img-inner dark\" >\r\n\t\t\t<img loading=\"lazy\" decoding=\"async\" width=\"410\" height=\"316\" src=\"https:\/\/auroravungtau.vn\/wp-content\/uploads\/2024\/10\/z5782850620632_d0847994a2a467ac40c7d76c65160df5.jpg\" class=\"attachment-original size-original\" alt=\"\" \/>\t\t\t\t\t\t\r\n\t\t\t\t\t<\/div>\r\n\t\t\t\t\t\t\t\t\n<style>\n#image_47213332 {\n  width: 100%;\n}\n<\/style>\n\t<\/div>\r\n\t\n\n\n<\/div><\/div>\n<div class=\"col grid-col large-4 grid-col-1-2\" ><div class=\"col-inner\">\n\n\t<div class=\"img has-hover x md-x lg-x y md-y lg-y\" id=\"image_1591031676\">\r\n\t\t\t\t\t\t\t\t<div class=\"img-inner dark\" >\r\n\t\t\t<img loading=\"lazy\" decoding=\"async\" width=\"410\" height=\"316\" src=\"https:\/\/auroravungtau.vn\/wp-content\/uploads\/2024\/10\/z5782850588099_b13278ceb8e544b078860ef091fe6826.jpg\" class=\"attachment-original size-original\" alt=\"\" \/>\t\t\t\t\t\t\r\n\t\t\t\t\t<\/div>\r\n\t\t\t\t\t\t\t\t\n<style>\n#image_1591031676 {\n  width: 100%;\n}\n<\/style>\n\t<\/div>\r\n\t\n\n\n<\/div><\/div>\n<div class=\"col grid-col large-4 grid-col-1-2\" ><div class=\"col-inner\">\n\n\t<div class=\"img has-hover x md-x lg-x y md-y lg-y\" id=\"image_1913434564\">\r\n\t\t\t\t\t\t\t\t<div class=\"img-inner dark\" >\r\n\t\t\t<img loading=\"lazy\" decoding=\"async\" width=\"410\" height=\"316\" src=\"https:\/\/auroravungtau.vn\/wp-content\/uploads\/2024\/10\/z5782850583201_e3017eb73bb2c098db135363e44d5779.jpg\" class=\"attachment-original size-original\" alt=\"\" \/>\t\t\t\t\t\t\r\n\t\t\t\t\t<\/div>\r\n\t\t\t\t\t\t\t\t\n<style>\n#image_1913434564 {\n  width: 100%;\n}\n<\/style>\n\t<\/div>\r\n\t\n\n\n<\/div><\/div>\n<div class=\"col grid-col large-4 grid-col-1-2\" ><div class=\"col-inner\">\n\n\t<div class=\"img has-hover x md-x lg-x y md-y lg-y\" id=\"image_131044810\">\r\n\t\t\t\t\t\t\t\t<div class=\"img-inner dark\" >\r\n\t\t\t<img loading=\"lazy\" decoding=\"async\" width=\"410\" height=\"316\" src=\"https:\/\/auroravungtau.vn\/wp-content\/uploads\/2024\/10\/z5782850567947_33237ebf2d47edd5b75e7d03cbc1c915.jpg\" class=\"attachment-original size-original\" alt=\"\" \/>\t\t\t\t\t\t\r\n\t\t\t\t\t<\/div>\r\n\t\t\t\t\t\t\t\t\n<style>\n#image_131044810 {\n  width: 100%;\n}\n<\/style>\n\t<\/div>\r\n\t\n\n\n<\/div><\/div>\n<div class=\"col grid-col large-4 grid-col-1-2\" ><div class=\"col-inner\">\n\n\t<div class=\"img has-hover x md-x lg-x y md-y lg-y\" id=\"image_2088032330\">\r\n\t\t\t\t\t\t\t\t<div class=\"img-inner dark\" >\r\n\t\t\t<img loading=\"lazy\" decoding=\"async\" width=\"410\" height=\"316\" src=\"https:\/\/auroravungtau.vn\/wp-content\/uploads\/2024\/10\/z5782850559833_f81e06d038fcd8b4dedf28452656db76.jpg\" class=\"attachment-original size-original\" alt=\"\" \/>\t\t\t\t\t\t\r\n\t\t\t\t\t<\/div>\r\n\t\t\t\t\t\t\t\t\n<style>\n#image_2088032330 {\n  width: 100%;\n}\n<\/style>\n\t<\/div>\r\n\t\n\n\n<\/div><\/div>\n<div class=\"col grid-col large-4 grid-col-1-2\" ><div class=\"col-inner\">\n\n\t<div class=\"img has-hover x md-x lg-x y md-y lg-y\" id=\"image_1304081624\">\r\n\t\t\t\t\t\t\t\t<div class=\"img-inner dark\" >\r\n\t\t\t<img loading=\"lazy\" decoding=\"async\" width=\"410\" height=\"316\" src=\"https:\/\/auroravungtau.vn\/wp-content\/uploads\/2024\/10\/z5782850557310_0de03f58ea1df2aaf58f271188180ded.jpg\" class=\"attachment-original size-original\" alt=\"\" \/>\t\t\t\t\t\t\r\n\t\t\t\t\t<\/div>\r\n\t\t\t\t\t\t\t\t\n<style>\n#image_1304081624 {\n  width: 100%;\n}\n<\/style>\n\t<\/div>\r\n\t\n\n\n<\/div><\/div>\n<div class=\"col grid-col large-4 grid-col-1-2\" ><div class=\"col-inner\">\n\n\t<div class=\"img has-hover x md-x lg-x y md-y lg-y\" id=\"image_1300793838\">\r\n\t\t\t\t\t\t\t\t<div class=\"img-inner dark\" >\r\n\t\t\t<img loading=\"lazy\" decoding=\"async\" width=\"410\" height=\"316\" src=\"https:\/\/auroravungtau.vn\/wp-content\/uploads\/2024\/10\/z5782850549789_b7323e7208530e4a5f83dcff3713e139.jpg\" class=\"attachment-original size-original\" alt=\"\" \/>\t\t\t\t\t\t\r\n\t\t\t\t\t<\/div>\r\n\t\t\t\t\t\t\t\t\n<style>\n#image_1300793838 {\n  width: 100%;\n}\n<\/style>\n\t<\/div>\r\n\t\n\n\n<\/div><\/div>\n<div class=\"col grid-col large-4 grid-col-1-2\" ><div class=\"col-inner\">\n\n\t<div class=\"img has-hover x md-x lg-x y md-y lg-y\" id=\"image_1747593409\">\r\n\t\t\t\t\t\t\t\t<div class=\"img-inner dark\" >\r\n\t\t\t<img loading=\"lazy\" decoding=\"async\" width=\"410\" height=\"316\" src=\"https:\/\/auroravungtau.vn\/wp-content\/uploads\/2024\/10\/z5780711857314_c1b41c67676cc900b831885e9d3879ea.jpg\" class=\"attachment-original size-original\" alt=\"\" \/>\t\t\t\t\t\t\r\n\t\t\t\t\t<\/div>\r\n\t\t\t\t\t\t\t\t\n<style>\n#image_1747593409 {\n  width: 100%;\n}\n<\/style>\n\t<\/div>\r\n\t\n\n\n<\/div><\/div>\n\n            <\/div>\r\n    <style>\r\n    #banner-grid-1764376493 .grid-col-1{height: 600px}\r\n    #banner-grid-1764376493 .grid-col-1-2{height: 300px}\r\n    #banner-grid-1764376493 .grid-col-1-3{height:200px}\r\n    #banner-grid-1764376493 .grid-col-2-3{height: 400px}\r\n    #banner-grid-1764376493 .grid-col-1-4{height: 150px}\r\n    #banner-grid-1764376493 .grid-col-3-4{height: 450px}\r\n\r\n\r\n    \r\n    \r\n\r\n  <\/style>\r\n    <\/div>\r\n  \n\n     <\/div>\r\n\r\n     <div class=\"loading-spin dark large centered\"><\/div>\r\n\r\n     \t<\/div>\r\n\r\n\n\n\t\t<\/div>\r\n\t\t\t\t\t<\/div>\r\n\r\n\t\n\n<\/div>\n\t<div id=\"gap-111589568\" class=\"gap-element clearfix\" style=\"display:block; height:auto;\">\r\n\t\t\n<style>\n#gap-111589568 {\n  padding-top: 60px;\n}\n<\/style>\n\t<\/div>\r\n\t\n\n\n","protected":false},"excerpt":{"rendered":"","protected":false},"author":1,"featured_media":0,"parent":0,"menu_order":0,"comment_status":"closed","ping_status":"closed","template":"page-blank.php","meta":{"footnotes":""},"class_list":["post-385","page","type-page","status-publish","hentry"],"_links":{"self":[{"href":"https:\/\/auroravungtau.vn\/vi\/wp-json\/wp\/v2\/pages\/385"}],"collection":[{"href":"https:\/\/auroravungtau.vn\/vi\/wp-json\/wp\/v2\/pages"}],"about":[{"href":"https:\/\/auroravungtau.vn\/vi\/wp-json\/wp\/v2\/types\/page"}],"author":[{"embeddable":true,"href":"https:\/\/auroravungtau.vn\/vi\/wp-json\/wp\/v2\/users\/1"}],"replies":[{"embeddable":true,"href":"https:\/\/auroravungtau.vn\/vi\/wp-json\/wp\/v2\/comments?post=385"}],"version-history":[{"count":0,"href":"https:\/\/auroravungtau.vn\/vi\/wp-json\/wp\/v2\/pages\/385\/revisions"}],"wp:attachment":[{"href":"https:\/\/auroravungtau.vn\/vi\/wp-json\/wp\/v2\/media?parent=385"}],"curies":[{"name":"wp","href":"https:\/\/api.w.org\/{rel}","templated":true}]}}