{"id":368,"date":"2022-04-18T10:38:15","date_gmt":"2022-04-18T03:38:15","guid":{"rendered":"https:\/\/auroravungtau.vn\/?page_id=368"},"modified":"2024-10-02T11:19:56","modified_gmt":"2024-10-02T04:19:56","slug":"tiec-cuoi","status":"publish","type":"page","link":"https:\/\/auroravungtau.vn\/vi\/tiec-cuoi\/","title":{"rendered":"Ti\u1ec7c c\u01b0\u1edbi"},"content":{"rendered":"\n\r\n  <div class=\"banner has-hover\" id=\"banner-1921199303\">\r\n          <div class=\"banner-inner fill\">\r\n        <div class=\"banner-bg fill\" >\r\n            <div class=\"bg fill bg-fill \"><\/div>\r\n                        <div class=\"overlay\"><\/div>            \r\n                    <\/div>\r\n        <div class=\"banner-layers container\">\r\n            <div class=\"fill banner-link\"><\/div>            \n\n   <div id=\"text-box-1030844606\" class=\"text-box banner-layer x50 md-x50 lg-x50 y50 md-y50 lg-y50 res-text\">\r\n                                <div class=\"text-box-content text dark\">\r\n              \r\n              <div class=\"text-inner text-center\">\r\n                  \n\n<h3 class=\"svnb\"><span style=\"font-size: 36px;\">D\u1ecaCH V\u1ee4 TI\u1ec6C C\u01af\u1edaI<\/span><\/h3>\n\n              <\/div>\r\n           <\/div>\r\n                            \n<style>\n#text-box-1030844606 {\n  width: 60%;\n}\n#text-box-1030844606 .text-box-content {\n  font-size: 100%;\n}\n<\/style>\n    <\/div>\r\n \n\n        <\/div>\r\n      <\/div>\r\n\r\n            \n<style>\n#banner-1921199303 {\n  padding-top: 500px;\n}\n#banner-1921199303 .bg.bg-loaded {\n  background-image: url(https:\/\/auroravungtau.vn\/wp-content\/uploads\/2024\/10\/HINH-BANNER.jpg);\n}\n#banner-1921199303 .overlay {\n  background-color: rgba(96, 96, 96, 0.36);\n}\n#banner-1921199303 .bg {\n  background-position: 45% 58%;\n}\n<\/style>\n  <\/div>\r\n\r\n\n<div class=\"row align-center\"  id=\"row-2012945064\">\n\n\r\n\t<div id=\"col-1270308648\" class=\"col small-12 large-12\"  >\r\n\t\t\t\t<div class=\"col-inner\"  >\r\n\t\t\t\r\n\t\t\t\n\n\t<div id=\"text-522978835\" class=\"text\">\r\n\t\t\n\n<h1 class=\"t-center uppercase svnb\"><span style=\"color: #dfbc85;\">Ti\u1ec7c c\u01b0\u1edbi<\/span><\/h1>\n<h1 class=\"letrai\"><strong>Trong m\u01a1<\/strong><\/h1>\n\t\t\n<style>\n#text-522978835 {\n  line-height: 1.85;\n  text-align: center;\n  color: rgb(0,0,0);\n}\n#text-522978835 > * {\n  color: rgb(0,0,0);\n}\n<\/style>\n\t<\/div>\r\n\t\n\n\t\t<\/div>\r\n\t\t\t\t\t<\/div>\r\n\r\n\t\n\r\n\t<div id=\"col-1594939491\" class=\"col small-12 large-12\"  >\r\n\t\t\t\t<div class=\"col-inner\"  >\r\n\t\t\t\r\n\t\t\t\n\n\r\n  <div class=\"banner has-hover\" id=\"banner-910313822\">\r\n          <div class=\"banner-inner fill\">\r\n        <div class=\"banner-bg fill\" >\r\n            <div class=\"bg fill bg-fill \"><\/div>\r\n                                    \r\n                    <\/div>\r\n        <div class=\"banner-layers container\">\r\n            <div class=\"fill banner-link\"><\/div>            \n\n\n        <\/div>\r\n      <\/div>\r\n\r\n            \n<style>\n#banner-910313822 {\n  padding-top: 500px;\n}\n#banner-910313822 .bg.bg-loaded {\n  background-image: url(https:\/\/auroravungtau.vn\/wp-content\/uploads\/2024\/10\/anh-chinh-1.jpg);\n}\n#banner-910313822 .bg {\n  background-position: 38% 68%;\n}\n<\/style>\n  <\/div>\r\n\r\n\n\t<div id=\"gap-2079960322\" class=\"gap-element clearfix\" style=\"display:block; height:auto;\">\r\n\t\t\n<style>\n#gap-2079960322 {\n  padding-top: 60px;\n}\n<\/style>\n\t<\/div>\r\n\t\n\n<div class=\"svngr\"><span style=\"font-size: 18px;\">Aurora Event Center kh\u00f4ng ch\u1ec9 l\u00e0 \u0111\u1ecba \u0111i\u1ec3m l\u00fd t\u01b0\u1edfng cho c\u00e1c bu\u1ed5i ti\u1ec7c c\u00f4ng ty m\u00e0 c\u00f2n l\u00e0 n\u01a1i ho\u00e0n h\u1ea3o \u0111\u1ec3 t\u1ed5 ch\u1ee9c ti\u1ec7c c\u01b0\u1edbi trong m\u01a1. V\u1edbi \u0111\u1ed9i ng\u0169 trang tr\u00ed v\u00e0 t\u1ed5 ch\u1ee9c s\u1ef1 ki\u1ec7n chuy\u00ean nghi\u1ec7p, ch\u00fang t\u00f4i mang \u0111\u1ebfn d\u1ecbch v\u1ee5 l\u00ean k\u1ecbch b\u1ea3n c\u01b0\u1edbi ri\u00eang bi\u1ec7t, cung c\u1ea5p c\u00e1c g\u00f3i trang tr\u00ed sang tr\u1ecdng t\u1eeb b\u00e0n l\u1ec5 t\u00e2n, l\u1ed1i \u0111i, c\u1ed5ng ch\u00e0o \u0111\u1ebfn s\u00e2n kh\u1ea5u v\u1edbi hoa t\u01b0\u01a1i, t\u1ea5t c\u1ea3 \u0111\u1ec1u h\u01b0\u1edbng \u0111\u1ebfn gi\u00e1 tr\u1ecb th\u1ea9m m\u1ef9 v\u00e0 tinh t\u1ebf, gi\u00fap c\u00e1c c\u1eb7p \u0111\u00f4i c\u00f3 \u0111\u01b0\u1ee3c m\u1ed9t ti\u1ec7c c\u01b0\u1edbi ho\u00e0n h\u1ea3o.<\/span><\/div>\n<div>\u00a0<\/div>\n<div class=\"svngr\"><span style=\"font-size: 18px;\"\">M\u1ed9t bu\u1ed5i ti\u1ec7c tr\u1ecdng \u0111\u1ea1i lu\u00f4n c\u1ea7n \u0111\u01b0\u1ee3c \u0111\u1ea7u t\u01b0 v\u00e0 l\u00ean k\u1ebf ho\u1ea1ch k\u1ef9 l\u01b0\u1ee1ng. Aurora Event Center, v\u1edbi s\u1ef1 t\u1eadn t\u00e2m v\u00e0 s\u00e1ng t\u1ea1o linh ho\u1ea1t c\u1ee7a m\u1ed9t nh\u00e0 t\u1ed5 ch\u1ee9c s\u1ef1 ki\u1ec7n chuy\u00ean nghi\u1ec7p, cam k\u1ebft mang \u0111\u1ebfn ch\u1ea5t l\u01b0\u1ee3ng d\u1ecbch v\u1ee5 ho\u00e0n h\u1ea3o v\u00e0 \u00fd ngh\u0129a nh\u1ea5t cho ch\u1ee7 nh\u00e2n c\u1ee7a bu\u1ed5i ti\u1ec7c.<\/span><\/div>\n\t<div id=\"gap-1193918167\" class=\"gap-element clearfix\" style=\"display:block; height:auto;\">\r\n\t\t\n<style>\n#gap-1193918167 {\n  padding-top: 20px;\n}\n<\/style>\n\t<\/div>\r\n\t\n\n\n\t\t<\/div>\r\n\t\t\t\t\t<\/div>\r\n\r\n\t\n\r\n\t<div id=\"col-1267833463\" class=\"col medium-4 small-12 large-4\"  >\r\n\t\t\t\t<div class=\"col-inner text-center\"  >\r\n\t\t\t\r\n\t\t\t\n\n<a href=\"\/lien-he\" target=\"_self\" class=\"button success is-large svnme hbuton\"  style=\"border-radius:10px;\">\r\n    <span>B\u00c1O GI\u00c1 NGAY<\/span>\r\n  <\/a>\r\n\n\n\n\t\t<\/div>\r\n\t\t\t\t\t<\/div>\r\n\r\n\t\n\n<\/div>\n<div class=\"row row-collapse\"  id=\"row-1635025804\">\n\n\r\n\t<div id=\"col-1867995341\" class=\"col small-12 large-12\"  >\r\n\t\t\t\t<div class=\"col-inner\"  >\r\n\t\t\t\r\n\t\t\t\n\n<div class=\"slider-wrapper relative\" id=\"slider-2017604809\" >\r\n    <div class=\"slider slider-nav-simple slider-nav-large slider-nav-dark slider-nav-outside slider-style-normal slider-show-nav\"\r\n        data-flickity-options='{\r\n            \"cellAlign\": \"center\",\r\n            \"imagesLoaded\": true,\r\n            \"lazyLoad\": 1,\r\n            \"freeScroll\": false,\r\n            \"wrapAround\": true,\r\n            \"autoPlay\": 6000,\r\n            \"pauseAutoPlayOnHover\" : true,\r\n            \"prevNextButtons\": true,\r\n            \"contain\" : true,\r\n            \"adaptiveHeight\" : true,\r\n            \"dragThreshold\" : 10,\r\n            \"percentPosition\": true,\r\n            \"pageDots\": false,\r\n            \"rightToLeft\": false,\r\n            \"draggable\": true,\r\n            \"selectedAttraction\": 0.1,\r\n            \"parallax\" : 0,\r\n            \"friction\": 0.6        }'\r\n        >\r\n        \n\n  <div class=\"banner-grid-wrapper\">\r\n  <div id=\"banner-grid-773256582\" class=\"banner-grid row row-grid row-small\" data-packery-options=\"\">\r\n                      \n\n<div class=\"col grid-col large-4 grid-col-1-2\" ><div class=\"col-inner\">\n\n\t<div class=\"img has-hover x md-x lg-x y md-y lg-y\" id=\"image_874004659\">\r\n\t\t\t\t\t\t\t\t<div class=\"img-inner dark\" >\r\n\t\t\t<img loading=\"lazy\" decoding=\"async\" width=\"410\" height=\"316\" src=\"https:\/\/auroravungtau.vn\/wp-content\/uploads\/2024\/10\/z3302407811902_920339edc2955c0c9e467d6fc8306d03.jpg\" class=\"attachment-original size-original\" alt=\"\" \/>\t\t\t\t\t\t\r\n\t\t\t\t\t<\/div>\r\n\t\t\t\t\t\t\t\t\n<style>\n#image_874004659 {\n  width: 100%;\n}\n<\/style>\n\t<\/div>\r\n\t\n\n\n<\/div><\/div>\n<div class=\"col grid-col large-4 grid-col-1-2\" ><div class=\"col-inner\">\n\n\t<div class=\"img has-hover x md-x lg-x y md-y lg-y\" id=\"image_2018292357\">\r\n\t\t\t\t\t\t\t\t<div class=\"img-inner dark\" >\r\n\t\t\t<img loading=\"lazy\" decoding=\"async\" width=\"410\" height=\"316\" src=\"https:\/\/auroravungtau.vn\/wp-content\/uploads\/2024\/10\/z3302410412474_3facb4a15f53611daaf832838eea6646.jpg\" class=\"attachment-original size-original\" alt=\"\" \/>\t\t\t\t\t\t\r\n\t\t\t\t\t<\/div>\r\n\t\t\t\t\t\t\t\t\n<style>\n#image_2018292357 {\n  width: 100%;\n}\n<\/style>\n\t<\/div>\r\n\t\n\n\n<\/div><\/div>\n<div class=\"col grid-col large-4 grid-col-1-2\" ><div class=\"col-inner\">\n\n\t<div class=\"img has-hover x md-x lg-x y md-y lg-y\" id=\"image_1976171882\">\r\n\t\t\t\t\t\t\t\t<div class=\"img-inner dark\" >\r\n\t\t\t<img loading=\"lazy\" decoding=\"async\" width=\"410\" height=\"316\" src=\"https:\/\/auroravungtau.vn\/wp-content\/uploads\/2024\/10\/z3327052708656_852ff7c755e9ea8aad83bc8b6d182704.jpg\" class=\"attachment-original size-original\" alt=\"\" \/>\t\t\t\t\t\t\r\n\t\t\t\t\t<\/div>\r\n\t\t\t\t\t\t\t\t\n<style>\n#image_1976171882 {\n  width: 100%;\n}\n<\/style>\n\t<\/div>\r\n\t\n\n\n<\/div><\/div>\n<div class=\"col grid-col large-4 grid-col-1-2\" ><div class=\"col-inner\">\n\n\t<div class=\"img has-hover x md-x lg-x y md-y lg-y\" id=\"image_910069143\">\r\n\t\t\t\t\t\t\t\t<div class=\"img-inner dark\" >\r\n\t\t\t<img loading=\"lazy\" decoding=\"async\" width=\"410\" height=\"316\" src=\"https:\/\/auroravungtau.vn\/wp-content\/uploads\/2024\/10\/z3327052753092_2cc99aeeb9dc7a862ddcf0e6f2c926a3.jpg\" class=\"attachment-original size-original\" alt=\"\" \/>\t\t\t\t\t\t\r\n\t\t\t\t\t<\/div>\r\n\t\t\t\t\t\t\t\t\n<style>\n#image_910069143 {\n  width: 100%;\n}\n<\/style>\n\t<\/div>\r\n\t\n\n\n<\/div><\/div>\n<div class=\"col grid-col large-4 grid-col-1-2\" ><div class=\"col-inner\">\n\n\t<div class=\"img has-hover x md-x lg-x y md-y lg-y\" id=\"image_38240907\">\r\n\t\t\t\t\t\t\t\t<div class=\"img-inner dark\" >\r\n\t\t\t<img loading=\"lazy\" decoding=\"async\" width=\"410\" height=\"316\" src=\"https:\/\/auroravungtau.vn\/wp-content\/uploads\/2024\/10\/z3327052788527_eb69a4b0fe6bcdaceed71d0082e9773b.jpg\" class=\"attachment-original size-original\" alt=\"\" \/>\t\t\t\t\t\t\r\n\t\t\t\t\t<\/div>\r\n\t\t\t\t\t\t\t\t\n<style>\n#image_38240907 {\n  width: 100%;\n}\n<\/style>\n\t<\/div>\r\n\t\n\n\n<\/div><\/div>\n<div class=\"col grid-col large-4 grid-col-1-2\" ><div class=\"col-inner\">\n\n\t<div class=\"img has-hover x md-x lg-x y md-y lg-y\" id=\"image_1613762150\">\r\n\t\t\t\t\t\t\t\t<div class=\"img-inner dark\" >\r\n\t\t\t<img loading=\"lazy\" decoding=\"async\" width=\"410\" height=\"316\" src=\"https:\/\/auroravungtau.vn\/wp-content\/uploads\/2024\/10\/z3327052811273_5a3881fbf8c1197350bbafea0c8d6628.jpg\" class=\"attachment-original size-original\" alt=\"\" \/>\t\t\t\t\t\t\r\n\t\t\t\t\t<\/div>\r\n\t\t\t\t\t\t\t\t\n<style>\n#image_1613762150 {\n  width: 100%;\n}\n<\/style>\n\t<\/div>\r\n\t\n\n\n<\/div><\/div>\n<div class=\"col grid-col large-4 grid-col-1-2\" ><div class=\"col-inner\">\n\n\t<div class=\"img has-hover x md-x lg-x y md-y lg-y\" id=\"image_647910565\">\r\n\t\t\t\t\t\t\t\t<div class=\"img-inner dark\" >\r\n\t\t\t<img loading=\"lazy\" decoding=\"async\" width=\"410\" height=\"316\" src=\"https:\/\/auroravungtau.vn\/wp-content\/uploads\/2024\/10\/z3766978793839_705cff2b95ff404bb9f46258e5deb11e.jpg\" class=\"attachment-original size-original\" alt=\"\" \/>\t\t\t\t\t\t\r\n\t\t\t\t\t<\/div>\r\n\t\t\t\t\t\t\t\t\n<style>\n#image_647910565 {\n  width: 100%;\n}\n<\/style>\n\t<\/div>\r\n\t\n\n\n<\/div><\/div>\n<div class=\"col grid-col large-4 grid-col-1-2\" ><div class=\"col-inner\">\n\n\t<div class=\"img has-hover x md-x lg-x y md-y lg-y\" id=\"image_1495438884\">\r\n\t\t\t\t\t\t\t\t<div class=\"img-inner dark\" >\r\n\t\t\t<img loading=\"lazy\" decoding=\"async\" width=\"410\" height=\"316\" src=\"https:\/\/auroravungtau.vn\/wp-content\/uploads\/2024\/10\/z3766978798041_c403c29b3274ba83ebf992dab70d8eb0.jpg\" class=\"attachment-original size-original\" alt=\"\" \/>\t\t\t\t\t\t\r\n\t\t\t\t\t<\/div>\r\n\t\t\t\t\t\t\t\t\n<style>\n#image_1495438884 {\n  width: 100%;\n}\n<\/style>\n\t<\/div>\r\n\t\n\n\n<\/div><\/div>\n<div class=\"col grid-col large-4 grid-col-1-2\" ><div class=\"col-inner\">\n\n\t<div class=\"img has-hover x md-x lg-x y md-y lg-y\" id=\"image_666173764\">\r\n\t\t\t\t\t\t\t\t<div class=\"img-inner dark\" >\r\n\t\t\t<img loading=\"lazy\" decoding=\"async\" width=\"410\" height=\"316\" src=\"https:\/\/auroravungtau.vn\/wp-content\/uploads\/2024\/10\/z3766978803065_017d81e0bd32d6005efe755fc27307fd.jpg\" class=\"attachment-original size-original\" alt=\"\" \/>\t\t\t\t\t\t\r\n\t\t\t\t\t<\/div>\r\n\t\t\t\t\t\t\t\t\n<style>\n#image_666173764 {\n  width: 100%;\n}\n<\/style>\n\t<\/div>\r\n\t\n\n\n<\/div><\/div>\n\n            <\/div>\r\n    <style>\r\n    #banner-grid-773256582 .grid-col-1{height: 600px}\r\n    #banner-grid-773256582 .grid-col-1-2{height: 300px}\r\n    #banner-grid-773256582 .grid-col-1-3{height:200px}\r\n    #banner-grid-773256582 .grid-col-2-3{height: 400px}\r\n    #banner-grid-773256582 .grid-col-1-4{height: 150px}\r\n    #banner-grid-773256582 .grid-col-3-4{height: 450px}\r\n\r\n\r\n    \r\n    \r\n\r\n  <\/style>\r\n    <\/div>\r\n  \n  <div class=\"banner-grid-wrapper\">\r\n  <div id=\"banner-grid-1086083762\" class=\"banner-grid row row-grid row-small\" data-packery-options=\"\">\r\n                      \n\n<div class=\"col grid-col large-4 grid-col-1-2\" ><div class=\"col-inner\">\n\n\t<div class=\"img has-hover x md-x lg-x y md-y lg-y\" id=\"image_1242693529\">\r\n\t\t\t\t\t\t\t\t<div class=\"img-inner dark\" >\r\n\t\t\t<img loading=\"lazy\" decoding=\"async\" width=\"410\" height=\"316\" src=\"https:\/\/auroravungtau.vn\/wp-content\/uploads\/2024\/10\/z3766978806038_2999abc4a7afa37f79b564c62502dd84.jpg\" class=\"attachment-original size-original\" alt=\"\" \/>\t\t\t\t\t\t\r\n\t\t\t\t\t<\/div>\r\n\t\t\t\t\t\t\t\t\n<style>\n#image_1242693529 {\n  width: 100%;\n}\n<\/style>\n\t<\/div>\r\n\t\n\n\n<\/div><\/div>\n<div class=\"col grid-col large-4 grid-col-1-2\" ><div class=\"col-inner\">\n\n\t<div class=\"img has-hover x md-x lg-x y md-y lg-y\" id=\"image_59457333\">\r\n\t\t\t\t\t\t\t\t<div class=\"img-inner dark\" >\r\n\t\t\t<img loading=\"lazy\" decoding=\"async\" width=\"410\" height=\"316\" src=\"https:\/\/auroravungtau.vn\/wp-content\/uploads\/2024\/10\/z3757375251750_7cd799ebb2cbd704099841a759b0d370.jpg\" class=\"attachment-original size-original\" alt=\"\" \/>\t\t\t\t\t\t\r\n\t\t\t\t\t<\/div>\r\n\t\t\t\t\t\t\t\t\n<style>\n#image_59457333 {\n  width: 100%;\n}\n<\/style>\n\t<\/div>\r\n\t\n\n\n<\/div><\/div>\n<div class=\"col grid-col large-4 grid-col-1-2\" ><div class=\"col-inner\">\n\n\t<div class=\"img has-hover x md-x lg-x y md-y lg-y\" id=\"image_2002728991\">\r\n\t\t\t\t\t\t\t\t<div class=\"img-inner dark\" >\r\n\t\t\t<img loading=\"lazy\" decoding=\"async\" width=\"410\" height=\"316\" src=\"https:\/\/auroravungtau.vn\/wp-content\/uploads\/2024\/10\/z3757375241258_2c48bbd46001594acd00f714b217cfea.jpg\" class=\"attachment-original size-original\" alt=\"\" \/>\t\t\t\t\t\t\r\n\t\t\t\t\t<\/div>\r\n\t\t\t\t\t\t\t\t\n<style>\n#image_2002728991 {\n  width: 100%;\n}\n<\/style>\n\t<\/div>\r\n\t\n\n\n<\/div><\/div>\n<div class=\"col grid-col large-4 grid-col-1-2\" ><div class=\"col-inner\">\n\n\t<div class=\"img has-hover x md-x lg-x y md-y lg-y\" id=\"image_768618986\">\r\n\t\t\t\t\t\t\t\t<div class=\"img-inner dark\" >\r\n\t\t\t<img loading=\"lazy\" decoding=\"async\" width=\"410\" height=\"316\" src=\"https:\/\/auroravungtau.vn\/wp-content\/uploads\/2024\/10\/z3757375230690_aec5d9ea178fe3109f1af85899280ee0.jpg\" class=\"attachment-original size-original\" alt=\"\" \/>\t\t\t\t\t\t\r\n\t\t\t\t\t<\/div>\r\n\t\t\t\t\t\t\t\t\n<style>\n#image_768618986 {\n  width: 100%;\n}\n<\/style>\n\t<\/div>\r\n\t\n\n\n<\/div><\/div>\n<div class=\"col grid-col large-4 grid-col-1-2\" ><div class=\"col-inner\">\n\n\t<div class=\"img has-hover x md-x lg-x y md-y lg-y\" id=\"image_892654023\">\r\n\t\t\t\t\t\t\t\t<div class=\"img-inner dark\" >\r\n\t\t\t<img loading=\"lazy\" decoding=\"async\" width=\"410\" height=\"316\" src=\"https:\/\/auroravungtau.vn\/wp-content\/uploads\/2024\/10\/z3757375220925_0010b2c5821369ed8a046a81cebd4d13.jpg\" class=\"attachment-original size-original\" alt=\"\" \/>\t\t\t\t\t\t\r\n\t\t\t\t\t<\/div>\r\n\t\t\t\t\t\t\t\t\n<style>\n#image_892654023 {\n  width: 100%;\n}\n<\/style>\n\t<\/div>\r\n\t\n\n\n<\/div><\/div>\n<div class=\"col grid-col large-4 grid-col-1-2\" ><div class=\"col-inner\">\n\n\t<div class=\"img has-hover x md-x lg-x y md-y lg-y\" id=\"image_1385718347\">\r\n\t\t\t\t\t\t\t\t<div class=\"img-inner dark\" >\r\n\t\t\t<img loading=\"lazy\" decoding=\"async\" width=\"410\" height=\"316\" src=\"https:\/\/auroravungtau.vn\/wp-content\/uploads\/2024\/10\/z3757375211000_4f2916b8142f89f92a2263e4e62ea07a.jpg\" class=\"attachment-original size-original\" alt=\"\" \/>\t\t\t\t\t\t\r\n\t\t\t\t\t<\/div>\r\n\t\t\t\t\t\t\t\t\n<style>\n#image_1385718347 {\n  width: 100%;\n}\n<\/style>\n\t<\/div>\r\n\t\n\n\n<\/div><\/div>\n<div class=\"col grid-col large-4 grid-col-1-2\" ><div class=\"col-inner\">\n\n\t<div class=\"img has-hover x md-x lg-x y md-y lg-y\" id=\"image_902690321\">\r\n\t\t\t\t\t\t\t\t<div class=\"img-inner dark\" >\r\n\t\t\t<img loading=\"lazy\" decoding=\"async\" width=\"410\" height=\"316\" src=\"https:\/\/auroravungtau.vn\/wp-content\/uploads\/2024\/10\/z3605186774929_1bdb469bc44ac119d40f4ad721a37f4d.jpg\" class=\"attachment-original size-original\" alt=\"\" \/>\t\t\t\t\t\t\r\n\t\t\t\t\t<\/div>\r\n\t\t\t\t\t\t\t\t\n<style>\n#image_902690321 {\n  width: 100%;\n}\n<\/style>\n\t<\/div>\r\n\t\n\n\n<\/div><\/div>\n<div class=\"col grid-col large-4 grid-col-1-2\" ><div class=\"col-inner\">\n\n\t<div class=\"img has-hover x md-x lg-x y md-y lg-y\" id=\"image_1503065465\">\r\n\t\t\t\t\t\t\t\t<div class=\"img-inner dark\" >\r\n\t\t\t<img loading=\"lazy\" decoding=\"async\" width=\"410\" height=\"316\" src=\"https:\/\/auroravungtau.vn\/wp-content\/uploads\/2024\/10\/z3605186749146_34910828427a6f3d2ba97eba4f42b2f8.jpg\" class=\"attachment-original size-original\" alt=\"\" \/>\t\t\t\t\t\t\r\n\t\t\t\t\t<\/div>\r\n\t\t\t\t\t\t\t\t\n<style>\n#image_1503065465 {\n  width: 100%;\n}\n<\/style>\n\t<\/div>\r\n\t\n\n\n<\/div><\/div>\n<div class=\"col grid-col large-4 grid-col-1-2\" ><div class=\"col-inner\">\n\n\t<div class=\"img has-hover x md-x lg-x y md-y lg-y\" id=\"image_1286336106\">\r\n\t\t\t\t\t\t\t\t<div class=\"img-inner dark\" >\r\n\t\t\t<img loading=\"lazy\" decoding=\"async\" width=\"410\" height=\"316\" src=\"https:\/\/auroravungtau.vn\/wp-content\/uploads\/2024\/10\/z3766978803065_017d81e0bd32d6005efe755fc27307fd.jpg\" class=\"attachment-original size-original\" alt=\"\" \/>\t\t\t\t\t\t\r\n\t\t\t\t\t<\/div>\r\n\t\t\t\t\t\t\t\t\n<style>\n#image_1286336106 {\n  width: 100%;\n}\n<\/style>\n\t<\/div>\r\n\t\n\n\n<\/div><\/div>\n\n            <\/div>\r\n    <style>\r\n    #banner-grid-1086083762 .grid-col-1{height: 600px}\r\n    #banner-grid-1086083762 .grid-col-1-2{height: 300px}\r\n    #banner-grid-1086083762 .grid-col-1-3{height:200px}\r\n    #banner-grid-1086083762 .grid-col-2-3{height: 400px}\r\n    #banner-grid-1086083762 .grid-col-1-4{height: 150px}\r\n    #banner-grid-1086083762 .grid-col-3-4{height: 450px}\r\n\r\n\r\n    \r\n    \r\n\r\n  <\/style>\r\n    <\/div>\r\n  \n  <div class=\"banner-grid-wrapper\">\r\n  <div id=\"banner-grid-724117916\" class=\"banner-grid row row-grid row-small\" data-packery-options=\"\">\r\n                      \n\n<div class=\"col grid-col large-4 grid-col-1-2\" ><div class=\"col-inner\">\n\n\t<div class=\"img has-hover x md-x lg-x y md-y lg-y\" id=\"image_1239820678\">\r\n\t\t\t\t\t\t\t\t<div class=\"img-inner dark\" >\r\n\t\t\t<img loading=\"lazy\" decoding=\"async\" width=\"410\" height=\"316\" src=\"https:\/\/auroravungtau.vn\/wp-content\/uploads\/2024\/10\/z5694827705477_fcd3dcaec6d7609efbb24f484a433b35.jpg\" class=\"attachment-original size-original\" alt=\"\" \/>\t\t\t\t\t\t\r\n\t\t\t\t\t<\/div>\r\n\t\t\t\t\t\t\t\t\n<style>\n#image_1239820678 {\n  width: 100%;\n}\n<\/style>\n\t<\/div>\r\n\t\n\n\n<\/div><\/div>\n<div class=\"col grid-col large-4 grid-col-1-2\" ><div class=\"col-inner\">\n\n\t<div class=\"img has-hover x md-x lg-x y md-y lg-y\" id=\"image_1660191209\">\r\n\t\t\t\t\t\t\t\t<div class=\"img-inner dark\" >\r\n\t\t\t<img loading=\"lazy\" decoding=\"async\" width=\"410\" height=\"316\" src=\"https:\/\/auroravungtau.vn\/wp-content\/uploads\/2024\/10\/z3605186846534_03101208948be05a87f1ede934a2b0b6.jpg\" class=\"attachment-original size-original\" alt=\"\" \/>\t\t\t\t\t\t\r\n\t\t\t\t\t<\/div>\r\n\t\t\t\t\t\t\t\t\n<style>\n#image_1660191209 {\n  width: 100%;\n}\n<\/style>\n\t<\/div>\r\n\t\n\n\n<\/div><\/div>\n<div class=\"col grid-col large-4 grid-col-1-2\" ><div class=\"col-inner\">\n\n\t<div class=\"img has-hover x md-x lg-x y md-y lg-y\" id=\"image_1371389268\">\r\n\t\t\t\t\t\t\t\t<div class=\"img-inner dark\" >\r\n\t\t\t<img loading=\"lazy\" decoding=\"async\" width=\"410\" height=\"316\" src=\"https:\/\/auroravungtau.vn\/wp-content\/uploads\/2024\/10\/z3605186753471_c7b06f4ecbd488e8012d206fd53a1081.jpg\" class=\"attachment-original size-original\" alt=\"\" \/>\t\t\t\t\t\t\r\n\t\t\t\t\t<\/div>\r\n\t\t\t\t\t\t\t\t\n<style>\n#image_1371389268 {\n  width: 100%;\n}\n<\/style>\n\t<\/div>\r\n\t\n\n\n<\/div><\/div>\n<div class=\"col grid-col large-4 grid-col-1-2\" ><div class=\"col-inner\">\n\n\t<div class=\"img has-hover x md-x lg-x y md-y lg-y\" id=\"image_1585836759\">\r\n\t\t\t\t\t\t\t\t<div class=\"img-inner dark\" >\r\n\t\t\t<img loading=\"lazy\" decoding=\"async\" width=\"410\" height=\"316\" src=\"https:\/\/auroravungtau.vn\/wp-content\/uploads\/2024\/10\/z3605186743786_a3919d607ec4fd99400187edcc6ebaf9.jpg\" class=\"attachment-original size-original\" alt=\"\" \/>\t\t\t\t\t\t\r\n\t\t\t\t\t<\/div>\r\n\t\t\t\t\t\t\t\t\n<style>\n#image_1585836759 {\n  width: 100%;\n}\n<\/style>\n\t<\/div>\r\n\t\n\n\n<\/div><\/div>\n<div class=\"col grid-col large-4 grid-col-1-2\" ><div class=\"col-inner\">\n\n\t<div class=\"img has-hover x md-x lg-x y md-y lg-y\" id=\"image_124545556\">\r\n\t\t\t\t\t\t\t\t<div class=\"img-inner dark\" >\r\n\t\t\t<img loading=\"lazy\" decoding=\"async\" width=\"410\" height=\"316\" src=\"https:\/\/auroravungtau.vn\/wp-content\/uploads\/2024\/10\/TV-Tieccuoi-158-1.jpg\" class=\"attachment-original size-original\" alt=\"\" \/>\t\t\t\t\t\t\r\n\t\t\t\t\t<\/div>\r\n\t\t\t\t\t\t\t\t\n<style>\n#image_124545556 {\n  width: 100%;\n}\n<\/style>\n\t<\/div>\r\n\t\n\n\n<\/div><\/div>\n<div class=\"col grid-col large-4 grid-col-1-2\" ><div class=\"col-inner\">\n\n\t<div class=\"img has-hover x md-x lg-x y md-y lg-y\" id=\"image_1264823447\">\r\n\t\t\t\t\t\t\t\t<div class=\"img-inner dark\" >\r\n\t\t\t<img loading=\"lazy\" decoding=\"async\" width=\"410\" height=\"316\" src=\"https:\/\/auroravungtau.vn\/wp-content\/uploads\/2024\/10\/TV-Tieccuoi-17-1.jpg\" class=\"attachment-original size-original\" alt=\"\" \/>\t\t\t\t\t\t\r\n\t\t\t\t\t<\/div>\r\n\t\t\t\t\t\t\t\t\n<style>\n#image_1264823447 {\n  width: 100%;\n}\n<\/style>\n\t<\/div>\r\n\t\n\n\n<\/div><\/div>\n<div class=\"col grid-col large-4 grid-col-1-2\" ><div class=\"col-inner\">\n\n\t<div class=\"img has-hover x md-x lg-x y md-y lg-y\" id=\"image_2018964900\">\r\n\t\t\t\t\t\t\t\t<div class=\"img-inner dark\" >\r\n\t\t\t<img loading=\"lazy\" decoding=\"async\" width=\"410\" height=\"316\" src=\"https:\/\/auroravungtau.vn\/wp-content\/uploads\/2024\/10\/IMG_2435.jpg\" class=\"attachment-original size-original\" alt=\"\" \/>\t\t\t\t\t\t\r\n\t\t\t\t\t<\/div>\r\n\t\t\t\t\t\t\t\t\n<style>\n#image_2018964900 {\n  width: 100%;\n}\n<\/style>\n\t<\/div>\r\n\t\n\n\n<\/div><\/div>\n<div class=\"col grid-col large-4 grid-col-1-2\" ><div class=\"col-inner\">\n\n\t<div class=\"img has-hover x md-x lg-x y md-y lg-y\" id=\"image_1205461339\">\r\n\t\t\t\t\t\t\t\t<div class=\"img-inner dark\" >\r\n\t\t\t<img loading=\"lazy\" decoding=\"async\" width=\"410\" height=\"316\" src=\"https:\/\/auroravungtau.vn\/wp-content\/uploads\/2024\/10\/IMG_2433.jpg\" class=\"attachment-original size-original\" alt=\"\" \/>\t\t\t\t\t\t\r\n\t\t\t\t\t<\/div>\r\n\t\t\t\t\t\t\t\t\n<style>\n#image_1205461339 {\n  width: 100%;\n}\n<\/style>\n\t<\/div>\r\n\t\n\n\n<\/div><\/div>\n<div class=\"col grid-col large-4 grid-col-1-2\" ><div class=\"col-inner\">\n\n\t<div class=\"img has-hover x md-x lg-x y md-y lg-y\" id=\"image_1002623202\">\r\n\t\t\t\t\t\t\t\t<div class=\"img-inner dark\" >\r\n\t\t\t<img loading=\"lazy\" decoding=\"async\" width=\"410\" height=\"316\" src=\"https:\/\/auroravungtau.vn\/wp-content\/uploads\/2024\/10\/z3766978806038_2999abc4a7afa37f79b564c62502dd84.jpg\" class=\"attachment-original size-original\" alt=\"\" \/>\t\t\t\t\t\t\r\n\t\t\t\t\t<\/div>\r\n\t\t\t\t\t\t\t\t\n<style>\n#image_1002623202 {\n  width: 100%;\n}\n<\/style>\n\t<\/div>\r\n\t\n\n\n<\/div><\/div>\n\n            <\/div>\r\n    <style>\r\n    #banner-grid-724117916 .grid-col-1{height: 600px}\r\n    #banner-grid-724117916 .grid-col-1-2{height: 300px}\r\n    #banner-grid-724117916 .grid-col-1-3{height:200px}\r\n    #banner-grid-724117916 .grid-col-2-3{height: 400px}\r\n    #banner-grid-724117916 .grid-col-1-4{height: 150px}\r\n    #banner-grid-724117916 .grid-col-3-4{height: 450px}\r\n\r\n\r\n    \r\n    \r\n\r\n  <\/style>\r\n    <\/div>\r\n  \n\n     <\/div>\r\n\r\n     <div class=\"loading-spin dark large centered\"><\/div>\r\n\r\n     \t<\/div>\r\n\r\n\n\n\t\t<\/div>\r\n\t\t\t\t\t<\/div>\r\n\r\n\t\n\n<\/div>\n\t<div id=\"gap-1641130602\" class=\"gap-element clearfix\" style=\"display:block; height:auto;\">\r\n\t\t\n<style>\n#gap-1641130602 {\n  padding-top: 60px;\n}\n<\/style>\n\t<\/div>\r\n\t\n\n\n","protected":false},"excerpt":{"rendered":"","protected":false},"author":1,"featured_media":0,"parent":0,"menu_order":0,"comment_status":"closed","ping_status":"closed","template":"page-blank.php","meta":{"footnotes":""},"class_list":["post-368","page","type-page","status-publish","hentry"],"_links":{"self":[{"href":"https:\/\/auroravungtau.vn\/vi\/wp-json\/wp\/v2\/pages\/368"}],"collection":[{"href":"https:\/\/auroravungtau.vn\/vi\/wp-json\/wp\/v2\/pages"}],"about":[{"href":"https:\/\/auroravungtau.vn\/vi\/wp-json\/wp\/v2\/types\/page"}],"author":[{"embeddable":true,"href":"https:\/\/auroravungtau.vn\/vi\/wp-json\/wp\/v2\/users\/1"}],"replies":[{"embeddable":true,"href":"https:\/\/auroravungtau.vn\/vi\/wp-json\/wp\/v2\/comments?post=368"}],"version-history":[{"count":0,"href":"https:\/\/auroravungtau.vn\/vi\/wp-json\/wp\/v2\/pages\/368\/revisions"}],"wp:attachment":[{"href":"https:\/\/auroravungtau.vn\/vi\/wp-json\/wp\/v2\/media?parent=368"}],"curies":[{"name":"wp","href":"https:\/\/api.w.org\/{rel}","templated":true}]}}