{"id":16,"date":"2022-03-24T21:32:33","date_gmt":"2022-03-24T14:32:33","guid":{"rendered":"https:\/\/aurora.dngon.com\/?page_id=16"},"modified":"2022-05-05T09:02:22","modified_gmt":"2022-05-05T02:02:22","slug":"tiec-ca-nhan","status":"publish","type":"page","link":"https:\/\/auroravungtau.vn\/vi\/tiec-ca-nhan\/","title":{"rendered":"Ti\u1ec7c c\u00e1 nh\u00e2n"},"content":{"rendered":"\n\r\n  <div class=\"banner has-hover\" id=\"banner-2119574770\">\r\n          <div class=\"banner-inner fill\">\r\n        <div class=\"banner-bg fill\" >\r\n            <div class=\"bg fill bg-fill \"><\/div>\r\n                                    \r\n                    <\/div>\r\n        <div class=\"banner-layers container\">\r\n            <div class=\"fill banner-link\"><\/div>            \n\n\n        <\/div>\r\n      <\/div>\r\n\r\n            \n<style>\n#banner-2119574770 {\n  padding-top: 30%;\n}\n#banner-2119574770 .bg.bg-loaded {\n  background-image: 319;\n}\n#banner-2119574770 .bg {\n  background-position: 48% 68%;\n}\n<\/style>\n  <\/div>\r\n\r\n\n<div class=\"row\"  id=\"row-2039642203\">\n\n\r\n\t<div id=\"col-376585140\" class=\"col small-12 large-12\"  >\r\n\t\t\t\t<div class=\"col-inner\"  >\r\n\t\t\t\r\n\t\t\t\n\n\t<div id=\"text-3027217099\" class=\"text\">\r\n\t\t\n\n<div class=\"smd-section section-2 card-title wow fadeInUp-hl\">\n<div class=\"container\">\n<h3 style=\"text-align: center;\"><strong>AURORA<\/strong><\/h3>\n<h3 class=\"color-blue font-size-36 text-center font-svn-eorgia-bold\" style=\"text-align: center;\"><strong><em>N\u01a1i kh\u1edfi ngu\u1ed3n th\u1ecbnh v\u01b0\u1ee3ng !<\/em><\/strong><\/h3>\n<\/div>\n<\/div>\n<div class=\"md-introduce\">\n<div class=\"container\">\n<div class=\"info wow fadeInUp-hl\">\n<p>\u0110\u1ed1i v\u1edbi c\u00e1c doanh nghi\u1ec7p, vi\u1ec7c l\u1ef1a ch\u1ecdn \u0111\u1ecba \u0111i\u1ec3m t\u1ed5 ch\u1ee9c s\u1ef1 ki\u1ec7n kh\u00f4ng ch\u1ec9 d\u1eebng l\u1ea1i \u1edf v\u1ecb tr\u00ed; m\u00e0 c\u00f2n c\u1ea7n l\u1ef1a ch\u1ecdn th\u01b0\u01a1ng hi\u1ec7u th\u1ec3 hi\u1ec7n \u0111\u01b0\u1ee3c s\u1ef1 chuy\u00ean nghi\u1ec7p v\u00e0 chu \u0111\u00e1o trong vi\u1ec7c ph\u1ee5c v\u1ee5 s\u1ef1 ki\u1ec7n. Vi\u1ec7c l\u1ef1a ch\u1ecdn \u0111\u1ecba \u0111i\u1ec3m t\u1ed5 ch\u1ee9c S\u1ef1 ki\u1ec7n \u2013 H\u1ed9i ngh\u1ecb c\u0169ng ch\u00ednh l\u00e0 kh\u1eb3ng \u0111\u1ecbnh danh ti\u1ebfng v\u00e0 uy t\u00edn c\u1ee7a doanh nghi\u1ec7p.<\/p>\n<p>Aurora Event Center v\u1edbi l\u1ed1i\u00a0 ki\u1ebfn tr\u00fac hi\u1ec7n \u0111\u1ea1i , kh\u00f4ng gian linh ho\u1ea1t v\u00e0 s\u1ee9c ch\u1ee9a r\u1ed9ng l\u1edbn, \u0111a d\u1ea1ng, ph\u00f9 h\u1ee3p cho nhi\u1ec1u lo\u1ea1i h\u00ecnh s\u1ef1 ki\u1ec7n. Ch\u00fang t\u00f4i s\u1eb5n s\u00e0ng gi\u00fap qu\u00fd doanh nghi\u1ec7p c\u00f3 \u0111\u01b0\u1ee3c nh\u1eefng s\u1ef1 ki\u1ec7n nh\u01b0 \u00fd g\u00e2y \u1ea5n t\u01b0\u1ee3ng t\u1ed1t \u0111\u1eb9p v\u1edbi c\u00e1c \u0111\u1ed1i t\u00e1c, kh\u00e1ch h\u00e0ng v\u1edbi ng\u00e2n s\u00e1ch linh ho\u1ea1t.<\/p>\n<p class=\"text-uppercase\">H\u1ec6 TH\u1ed0NG TRUNG T\u00c2M H\u1ed8I NGH\u1eca &#8211; Y\u1ebeN TI\u1ec6C AURORA CUNG C\u1ea4P C\u00c1C LO\u1ea0I H\u00ccNH TI\u1ec6C DOANH NGHI\u1ec6P:<\/p>\n<\/div>\n<\/div>\n<\/div>\n\t\t\n<style>\n#text-3027217099 {\n  color: rgb(0,0,0);\n}\n#text-3027217099 > * {\n  color: rgb(0,0,0);\n}\n<\/style>\n\t<\/div>\r\n\t\n\n\t\t<\/div>\r\n\t\t\t\t\t<\/div>\r\n\r\n\t\n\n<\/div>\n<div class=\"row row-small align-center\"  id=\"row-35827212\">\n\n\r\n\t<div id=\"col-694173935\" class=\"col small-12 large-12\"  >\r\n\t\t\t\t<div class=\"col-inner\"  >\r\n\t\t\t\r\n\t\t\t\n\n<div class=\"slider-wrapper relative\" id=\"slider-1617252709\" >\r\n    <div class=\"slider slider-nav-circle slider-nav-large slider-nav-light slider-style-normal\"\r\n        data-flickity-options='{\r\n            \"cellAlign\": \"center\",\r\n            \"imagesLoaded\": true,\r\n            \"lazyLoad\": 1,\r\n            \"freeScroll\": false,\r\n            \"wrapAround\": true,\r\n            \"autoPlay\": 6000,\r\n            \"pauseAutoPlayOnHover\" : true,\r\n            \"prevNextButtons\": true,\r\n            \"contain\" : true,\r\n            \"adaptiveHeight\" : true,\r\n            \"dragThreshold\" : 10,\r\n            \"percentPosition\": true,\r\n            \"pageDots\": true,\r\n            \"rightToLeft\": false,\r\n            \"draggable\": true,\r\n            \"selectedAttraction\": 0.1,\r\n            \"parallax\" : 0,\r\n            \"friction\": 0.6        }'\r\n        >\r\n        \n\n<div class=\"row\"  id=\"row-427200963\">\n\n\r\n\t<div id=\"col-2126330402\" class=\"col medium-4 small-12 large-4\"  >\r\n\t\t\t\t<div class=\"col-inner\"  >\r\n\t\t\t\r\n\t\t\t\n\n\t<div class=\"box has-hover   has-hover box-text-bottom\" >\r\n\r\n\t\t<div class=\"box-image\" >\r\n\t\t\t\t\t\t<div class=\"\" >\r\n\t\t\t\t\t\t\t\t\t\t\t\t\t\t\t<\/div>\r\n\t\t\t\t\t<\/div>\r\n\r\n\t\t<div class=\"box-text text-center\" >\r\n\t\t\t<div class=\"box-text-inner\">\r\n\t\t\t\t\n\n<h4><b>Aurora Event Center<\/b><\/h4>\n<p>H\u1ed9i ngh\u1ecb<\/p>\n\n\t\t\t<\/div>\r\n\t\t<\/div>\r\n\t<\/div>\r\n\t\n\n\t\t<\/div>\r\n\t\t\t\t\t<\/div>\r\n\r\n\t\n\r\n\t<div id=\"col-268923798\" class=\"col medium-4 small-12 large-4\"  >\r\n\t\t\t\t<div class=\"col-inner\"  >\r\n\t\t\t\r\n\t\t\t\n\n\t<div class=\"box has-hover   has-hover box-text-bottom\" >\r\n\r\n\t\t<div class=\"box-image\" >\r\n\t\t\t\t\t\t<div class=\"\" >\r\n\t\t\t\t\t\t\t\t\t\t\t\t\t\t\t<\/div>\r\n\t\t\t\t\t<\/div>\r\n\r\n\t\t<div class=\"box-text text-center\" >\r\n\t\t\t<div class=\"box-text-inner\">\r\n\t\t\t\t\n\n<h4><b>Aurora Event Center<\/b><\/h4>\n<p>H\u1ed9i ngh\u1ecb<\/p>\n\n\t\t\t<\/div>\r\n\t\t<\/div>\r\n\t<\/div>\r\n\t\n\n\t\t<\/div>\r\n\t\t\t\t\t<\/div>\r\n\r\n\t\n\r\n\t<div id=\"col-437118433\" class=\"col medium-4 small-12 large-4\"  >\r\n\t\t\t\t<div class=\"col-inner\"  >\r\n\t\t\t\r\n\t\t\t\n\n\t<div class=\"box has-hover   has-hover box-text-bottom\" >\r\n\r\n\t\t<div class=\"box-image\" >\r\n\t\t\t\t\t\t<div class=\"\" >\r\n\t\t\t\t\t\t\t\t\t\t\t\t\t\t\t<\/div>\r\n\t\t\t\t\t<\/div>\r\n\r\n\t\t<div class=\"box-text text-center\" >\r\n\t\t\t<div class=\"box-text-inner\">\r\n\t\t\t\t\n\n<h4><b>Aurora Event Center<\/b><\/h4>\n<p>H\u1ed9i ngh\u1ecb<\/p>\n\n\t\t\t<\/div>\r\n\t\t<\/div>\r\n\t<\/div>\r\n\t\n\n\t\t<\/div>\r\n\t\t\t\t\t<\/div>\r\n\r\n\t\n\n<\/div>\n<div class=\"row\"  id=\"row-1085514389\">\n\n\r\n\t<div id=\"col-1140156747\" class=\"col medium-4 small-12 large-4\"  >\r\n\t\t\t\t<div class=\"col-inner\"  >\r\n\t\t\t\r\n\t\t\t\n\n\t<div class=\"box has-hover   has-hover box-text-bottom\" >\r\n\r\n\t\t<div class=\"box-image\" >\r\n\t\t\t\t\t\t<div class=\"\" >\r\n\t\t\t\t\t\t\t\t\t\t\t\t\t\t\t<\/div>\r\n\t\t\t\t\t<\/div>\r\n\r\n\t\t<div class=\"box-text text-center\" >\r\n\t\t\t<div class=\"box-text-inner\">\r\n\t\t\t\t\n\n<h4><strong>Aurora Event Center<\/strong><\/h4>\n<p>H\u1ed9i ngh\u1ecb<\/p>\n\n\t\t\t<\/div>\r\n\t\t<\/div>\r\n\t<\/div>\r\n\t\n\n\t\t<\/div>\r\n\t\t\t\t\t<\/div>\r\n\r\n\t\n\r\n\t<div id=\"col-1121834785\" class=\"col medium-4 small-12 large-4\"  >\r\n\t\t\t\t<div class=\"col-inner\"  >\r\n\t\t\t\r\n\t\t\t\n\n\t<div class=\"box has-hover   has-hover box-text-bottom\" >\r\n\r\n\t\t<div class=\"box-image\" >\r\n\t\t\t\t\t\t<div class=\"\" >\r\n\t\t\t\t\t\t\t\t\t\t\t\t\t\t\t<\/div>\r\n\t\t\t\t\t<\/div>\r\n\r\n\t\t<div class=\"box-text text-center\" >\r\n\t\t\t<div class=\"box-text-inner\">\r\n\t\t\t\t\n\n<h4><b>Aurora Event Center<\/b><\/h4>\n<p>H\u1ed9i ngh\u1ecb<\/p>\n\n\t\t\t<\/div>\r\n\t\t<\/div>\r\n\t<\/div>\r\n\t\n\n\t\t<\/div>\r\n\t\t\t\t\t<\/div>\r\n\r\n\t\n\r\n\t<div id=\"col-1528488398\" class=\"col medium-4 small-12 large-4\"  >\r\n\t\t\t\t<div class=\"col-inner\"  >\r\n\t\t\t\r\n\t\t\t\n\n\t<div class=\"box has-hover   has-hover box-text-bottom\" >\r\n\r\n\t\t<div class=\"box-image\" >\r\n\t\t\t\t\t\t<div class=\"\" >\r\n\t\t\t\t\t\t\t\t\t\t\t\t\t\t\t<\/div>\r\n\t\t\t\t\t<\/div>\r\n\r\n\t\t<div class=\"box-text text-center\" >\r\n\t\t\t<div class=\"box-text-inner\">\r\n\t\t\t\t\n\n<h4><strong>Aurora Event Center<\/strong><\/h4>\n<p>H\u1ed9i ngh\u1ecb<\/p>\n\n\t\t\t<\/div>\r\n\t\t<\/div>\r\n\t<\/div>\r\n\t\n\n\t\t<\/div>\r\n\t\t\t\t\t<\/div>\r\n\r\n\t\n\n<\/div>\n\n     <\/div>\r\n\r\n     <div class=\"loading-spin dark large centered\"><\/div>\r\n\r\n     \t<\/div>\r\n\r\n\n\n\t\t<\/div>\r\n\t\t\t\t\t<\/div>\r\n\r\n\t\n\r\n\t<div id=\"col-37166704\" class=\"col medium-3 small-12 large-3\"  >\r\n\t\t\t\t<div class=\"col-inner\"  >\r\n\t\t\t\r\n\t\t\t\n\n<a class=\"button primary expand dangky\"  style=\"border-radius:5px;\">\r\n    <span>\u0110\u1eb7t ngay<\/span>\r\n  <\/a>\r\n\n\n<h3 style=\"text-align: center;\"><a href=\"tel:0889765656\">HOTLINE: 08 89 765 656<\/a><\/h3>\n\n\t\t<\/div>\r\n\t\t\t\t\t<\/div>\r\n\r\n\t\n\n<\/div>\n<div class=\"row align-middle\"  id=\"row-597450095\">\n\n\r\n\t<div id=\"col-784565597\" class=\"col medium-6 small-12 large-6\"  >\r\n\t\t\t\t<div class=\"col-inner\"  >\r\n\t\t\t\r\n\t\t\t\n\n<div class=\"top-title md-card md-card-hl\">\n<h4 class=\"text-uppercase\">D\u1ecaCH V\u1ee4 HO\u00c0N H\u1ea2O CHO H\u1ed8I NGH\u1eca DOANH NGHI\u1ec6P<\/h4>\n<h3 class=\"font-size-36 color-blue font-svn-eorgia\">Thi\u1ebft k\u1ebf linh ho\u1ea1t cho quy m\u00f4 s\u1ef1 ki\u1ec7n<\/h3>\n<\/div>\n<div class=\"info\">\n<p>S\u1ea3nh ti\u1ec7c \u0111\u01b0\u1ee3c thi\u1ebft k\u1ebf tinh t\u1ebf v\u1edbi tr\u1ea7n cao 8m, kh\u00f4ng b\u1ecb gi\u1edbi h\u1ea1n b\u1edfi c\u00e1c c\u1ed9t ch\u1eafn c\u00f9ng h\u1ec7 th\u1ed1ng \u0111\u00e8n trang tr\u00ed sang tr\u1ecdng ph\u00f9 h\u1ee3p v\u1edbi nh\u1eefng h\u1ed9i ngh\u1ecb l\u1edbn, tri\u1ec3n l\u00e3m, nh\u1eefng bu\u1ed5i ti\u1ec7c cao c\u1ea5p hay nh\u1eefng s\u1ef1 ki\u1ec7n l\u1edbn.<\/p>\n<\/div>\n\n\t\t<\/div>\r\n\t\t\t\t\t<\/div>\r\n\r\n\t\n\r\n\t<div id=\"col-494888896\" class=\"col medium-6 small-12 large-6\"  >\r\n\t\t\t\t<div class=\"col-inner\"  >\r\n\t\t\t\r\n\t\t\t\n\n\t<div class=\"img has-hover x md-x lg-x y md-y lg-y\" id=\"image_2053243411\">\r\n\t\t\t\t\t\t\t\t<div class=\"img-inner dark\" >\r\n\t\t\t\t\t\t\t\t\t\r\n\t\t\t\t\t<\/div>\r\n\t\t\t\t\t\t\t\t\n<style>\n#image_2053243411 {\n  width: 100%;\n}\n<\/style>\n\t<\/div>\r\n\t\n\n\n\t\t<\/div>\r\n\t\t\t\t\t<\/div>\r\n\r\n\t\n\n<\/div>\n<div class=\"row align-middle\"  id=\"row-1753005761\">\n\n\r\n\t<div id=\"col-11779147\" class=\"col medium-6 small-12 large-6\"  >\r\n\t\t\t\t<div class=\"col-inner\"  >\r\n\t\t\t\r\n\t\t\t\n\n\t<div class=\"img has-hover x md-x lg-x y md-y lg-y\" id=\"image_1833559108\">\r\n\t\t\t\t\t\t\t\t<div class=\"img-inner dark\" >\r\n\t\t\t\t\t\t\t\t\t\r\n\t\t\t\t\t<\/div>\r\n\t\t\t\t\t\t\t\t\n<style>\n#image_1833559108 {\n  width: 100%;\n}\n<\/style>\n\t<\/div>\r\n\t\n\n\n\t\t<\/div>\r\n\t\t\t\t\t<\/div>\r\n\r\n\t\n\r\n\t<div id=\"col-136099929\" class=\"col medium-6 small-12 large-6\"  >\r\n\t\t\t\t<div class=\"col-inner\"  >\r\n\t\t\t\r\n\t\t\t\n\n<div class=\"top-title md-card md-card-hl\">\n<div class=\"top-title md-card md-card-hl\">\n<h3 class=\"font-size-36 color-blue font-svn-eorgia\">\u00c2m thanh ch\u1ea5t l\u01b0\u1ee3ng, \u00e1nh s\u00e1ng th\u00f4ng minh<\/h3>\n<\/div>\n<div class=\"info\">\n<p>H\u1ec7 th\u1ed1ng \u00e2m thanh chuy\u00ean d\u1ee5ng, mang \u0111\u1ebfn kh\u00f4ng kh\u00ed s\u1ed1ng \u0111\u1ed9ng, \u0111\u1eb3ng c\u1ea5p h\u01a1n.<\/p>\n<\/div>\n<\/div>\n\n\t\t<\/div>\r\n\t\t\t\t\t<\/div>\r\n\r\n\t\n\n<\/div>\n<div class=\"row row-collapse align-center\"  id=\"row-739109825\">\n\n\r\n\t<div id=\"col-473010770\" class=\"col medium-3 small-12 large-3\"  >\r\n\t\t\t\t<div class=\"col-inner\"  >\r\n\t\t\t\r\n\t\t\t\n\n<a href=\"https:\/\/auroravungtau.vn\/vi\/thu-vien\/\" target=\"_self\" class=\"button primary is-large\"  style=\"border-radius:10px;\">\r\n    <span>Xem th\u01b0 vi\u1ec7n \u1ea3nh<\/span>\r\n  <\/a>\r\n\n\n\n\t\t<\/div>\r\n\t\t\t\t\t<\/div>\r\n\r\n\t\n\n<\/div>\n\n","protected":false},"excerpt":{"rendered":"","protected":false},"author":1,"featured_media":0,"parent":0,"menu_order":0,"comment_status":"closed","ping_status":"closed","template":"page-blank.php","meta":{"footnotes":""},"class_list":["post-16","page","type-page","status-publish","hentry"],"_links":{"self":[{"href":"https:\/\/auroravungtau.vn\/vi\/wp-json\/wp\/v2\/pages\/16"}],"collection":[{"href":"https:\/\/auroravungtau.vn\/vi\/wp-json\/wp\/v2\/pages"}],"about":[{"href":"https:\/\/auroravungtau.vn\/vi\/wp-json\/wp\/v2\/types\/page"}],"author":[{"embeddable":true,"href":"https:\/\/auroravungtau.vn\/vi\/wp-json\/wp\/v2\/users\/1"}],"replies":[{"embeddable":true,"href":"https:\/\/auroravungtau.vn\/vi\/wp-json\/wp\/v2\/comments?post=16"}],"version-history":[{"count":0,"href":"https:\/\/auroravungtau.vn\/vi\/wp-json\/wp\/v2\/pages\/16\/revisions"}],"wp:attachment":[{"href":"https:\/\/auroravungtau.vn\/vi\/wp-json\/wp\/v2\/media?parent=16"}],"curies":[{"name":"wp","href":"https:\/\/api.w.org\/{rel}","templated":true}]}}