{"id":14,"date":"2022-03-24T21:32:13","date_gmt":"2022-03-24T14:32:13","guid":{"rendered":"https:\/\/aurora.dngon.com\/?page_id=14"},"modified":"2024-10-02T11:45:23","modified_gmt":"2024-10-02T04:45:23","slug":"su-kien","status":"publish","type":"page","link":"https:\/\/auroravungtau.vn\/vi\/su-kien\/","title":{"rendered":"S\u1ef1 ki\u1ec7n"},"content":{"rendered":"\n\r\n  <div class=\"banner has-hover\" id=\"banner-1599945209\">\r\n          <div class=\"banner-inner fill\">\r\n        <div class=\"banner-bg fill\" >\r\n            <div class=\"bg fill bg-fill \"><\/div>\r\n                        <div class=\"overlay\"><\/div>            \r\n                    <\/div>\r\n        <div class=\"banner-layers container\">\r\n            <div class=\"fill banner-link\"><\/div>            \n\n   <div id=\"text-box-1555993297\" class=\"text-box banner-layer x50 md-x50 lg-x50 y50 md-y50 lg-y50 res-text\">\r\n                                <div class=\"text-box-content text dark\">\r\n              \r\n              <div class=\"text-inner text-center\">\r\n                  \n\n<h3 class=\"svnb\"><span style=\"font-size: 36px;\">D\u1ecaCH V\u1ee4 TI\u1ec6C\/TI\u1ec6C GALA<\/span><\/h3>\n\n              <\/div>\r\n           <\/div>\r\n                            \n<style>\n#text-box-1555993297 {\n  width: 60%;\n}\n#text-box-1555993297 .text-box-content {\n  font-size: 100%;\n}\n<\/style>\n    <\/div>\r\n \n\n        <\/div>\r\n      <\/div>\r\n\r\n            \n<style>\n#banner-1599945209 {\n  padding-top: 500px;\n}\n#banner-1599945209 .bg.bg-loaded {\n  background-image: url(https:\/\/auroravungtau.vn\/wp-content\/uploads\/2024\/10\/BANNER.jpg);\n}\n#banner-1599945209 .overlay {\n  background-color: rgba(96, 96, 96, 0.36);\n}\n#banner-1599945209 .bg {\n  background-position: 63% 30%;\n}\n<\/style>\n  <\/div>\r\n\r\n\n<div class=\"row align-center\"  id=\"row-1619663837\">\n\n\r\n\t<div id=\"col-1238344678\" class=\"col small-12 large-12\"  >\r\n\t\t\t\t<div class=\"col-inner\"  >\r\n\t\t\t\r\n\t\t\t\n\n\t<div id=\"text-2131397258\" class=\"text\">\r\n\t\t\n\n<h1 class=\"t-center uppercasesvnb\"><span style=\"color: #dfbc85;\">Ti\u1ec7c GALA<\/span><\/h1>\n<h1 class=\"letrai\"><strong>Ho\u00e0nh tr\u00e1ng<\/strong><\/h1>\n\t\t\n<style>\n#text-2131397258 {\n  line-height: 1.85;\n  text-align: center;\n  color: rgb(0,0,0);\n}\n#text-2131397258 > * {\n  color: rgb(0,0,0);\n}\n<\/style>\n\t<\/div>\r\n\t\n\n\t\t<\/div>\r\n\t\t\t\t\t<\/div>\r\n\r\n\t\n\r\n\t<div id=\"col-950757239\" class=\"col small-12 large-12\"  >\r\n\t\t\t\t<div class=\"col-inner\"  >\r\n\t\t\t\r\n\t\t\t\n\n\r\n  <div class=\"banner has-hover\" id=\"banner-1635196732\">\r\n          <div class=\"banner-inner fill\">\r\n        <div class=\"banner-bg fill\" >\r\n            <div class=\"bg fill bg-fill \"><\/div>\r\n                                    \r\n                    <\/div>\r\n        <div class=\"banner-layers container\">\r\n            <div class=\"fill banner-link\"><\/div>            \n\n\n        <\/div>\r\n      <\/div>\r\n\r\n            \n<style>\n#banner-1635196732 {\n  padding-top: 500px;\n}\n#banner-1635196732 .bg.bg-loaded {\n  background-image: url(https:\/\/auroravungtau.vn\/wp-content\/uploads\/2024\/10\/ANH-CHINH-2.jpg);\n}\n#banner-1635196732 .bg {\n  background-position: 38% 68%;\n}\n<\/style>\n  <\/div>\r\n\r\n\n\t<div id=\"gap-1128649062\" class=\"gap-element clearfix\" style=\"display:block; height:auto;\">\r\n\t\t\n<style>\n#gap-1128649062 {\n  padding-top: 60px;\n}\n<\/style>\n\t<\/div>\r\n\t\n\n<div class=\"svngr\"><span style=\"font-size: 18px;\">N\u1ebfu b\u1ea1n \u0111ang t\u00ecm ki\u1ebfm m\u1ed9t \u0111\u1ecba \u0111i\u1ec3m t\u1ed5 ch\u1ee9c s\u1ef1 ki\u1ec7n \u0111\u1eb3ng c\u1ea5p \u0111\u1ec3 th\u1ec3 hi\u1ec7n v\u1ecb th\u1ebf c\u1ee7a doanh nghi\u1ec7p, h\u00e3y ch\u1ecdn Aurora Event Center V\u0169ng T\u00e0u. T\u1ecda l\u1ea1c t\u1ea1i v\u1ecb tr\u00ed \u0111\u1eafc \u0111\u1ecba, Aurora Event Center n\u1ed5i b\u1eadt v\u1edbi ki\u1ebfn tr\u00fac hi\u1ec7n \u0111\u1ea1i, kh\u00f4ng gian r\u1ed9ng r\u00e3i v\u00e0 sang tr\u1ecdng, mang \u0111\u1ebfn m\u00f4i tr\u01b0\u1eddng l\u00fd t\u01b0\u1edfng cho m\u1ecdi lo\u1ea1i h\u00ecnh s\u1ef1 ki\u1ec7n.<\/span><\/div>\n<div>\u00a0<\/div>\n<div class=\"svngr\"><span style=\"font-size: 18px;\">Aurora Event Center V\u0169ng T\u00e0u kh\u00f4ng ch\u1ec9 c\u00f3 s\u1ee9c ch\u1ee9a l\u1edbn, \u0111\u00e1p \u1ee9ng \u0111\u01b0\u1ee3c c\u00e1c s\u1ef1 ki\u1ec7n quy m\u00f4 t\u1eeb nh\u1ecf \u0111\u1ebfn l\u1edbn, m\u00e0 c\u00f2n \u0111\u01b0\u1ee3c trang b\u1ecb h\u1ec7 th\u1ed1ng \u00e2m thanh, \u00e1nh s\u00e1ng hi\u1ec7n \u0111\u1ea1i, c\u00f4ng ngh\u1ec7 ti\u00ean ti\u1ebfn, \u0111\u1ea3m b\u1ea3o m\u1ecdi kh\u00eda c\u1ea1nh c\u1ee7a s\u1ef1 ki\u1ec7n \u0111\u1ec1u \u0111\u01b0\u1ee3c ho\u00e0n thi\u1ec7n \u1edf m\u1ee9c cao nh\u1ea5t. \u0110\u1ed9i ng\u0169 nh\u00e2n vi\u00ean chuy\u00ean nghi\u1ec7p, t\u1eadn t\u00e2m s\u1ebd h\u1ed7 tr\u1ee3 b\u1ea1n t\u1eeb kh\u00e2u l\u00ean k\u1ebf ho\u1ea1ch, t\u1ed5 ch\u1ee9c, trang tr\u00ed \u0111\u1ebfn vi\u1ec7c gi\u00e1m s\u00e1t t\u1eebng chi ti\u1ebft nh\u1ecf nh\u1ea5t trong su\u1ed1t qu\u00e1 tr\u00ecnh di\u1ec5n ra s\u1ef1 ki\u1ec7n.<\/span><\/div>\n\t<div id=\"gap-265855203\" class=\"gap-element clearfix\" style=\"display:block; height:auto;\">\r\n\t\t\n<style>\n#gap-265855203 {\n  padding-top: 20px;\n}\n<\/style>\n\t<\/div>\r\n\t\n\n\n\t\t<\/div>\r\n\t\t\t\t\t<\/div>\r\n\r\n\t\n\r\n\t<div id=\"col-113056148\" class=\"col medium-4 small-12 large-4\"  >\r\n\t\t\t\t<div class=\"col-inner text-center\"  >\r\n\t\t\t\r\n\t\t\t\n\n<a href=\"\/lien-he\" target=\"_self\" class=\"button success is-large svnme hbuton\"  style=\"border-radius:10px;\">\r\n    <span>B\u00c1O GI\u00c1 NGAY<\/span>\r\n  <\/a>\r\n\n\n\n\t\t<\/div>\r\n\t\t\t\t\t<\/div>\r\n\r\n\t\n\n<\/div>\n<div class=\"row row-collapse\"  id=\"row-1682576156\">\n\n\r\n\t<div id=\"col-762296308\" class=\"col small-12 large-12\"  >\r\n\t\t\t\t<div class=\"col-inner\"  >\r\n\t\t\t\r\n\t\t\t\n\n<div class=\"slider-wrapper relative\" id=\"slider-1111518015\" >\r\n    <div class=\"slider slider-nav-simple slider-nav-large slider-nav-dark slider-nav-outside slider-style-normal slider-show-nav\"\r\n        data-flickity-options='{\r\n            \"cellAlign\": \"center\",\r\n            \"imagesLoaded\": true,\r\n            \"lazyLoad\": 1,\r\n            \"freeScroll\": false,\r\n            \"wrapAround\": true,\r\n            \"autoPlay\": 6000,\r\n            \"pauseAutoPlayOnHover\" : true,\r\n            \"prevNextButtons\": true,\r\n            \"contain\" : true,\r\n            \"adaptiveHeight\" : true,\r\n            \"dragThreshold\" : 10,\r\n            \"percentPosition\": true,\r\n            \"pageDots\": false,\r\n            \"rightToLeft\": false,\r\n            \"draggable\": true,\r\n            \"selectedAttraction\": 0.1,\r\n            \"parallax\" : 0,\r\n            \"friction\": 0.6        }'\r\n        >\r\n        \n\n  <div class=\"banner-grid-wrapper\">\r\n  <div id=\"banner-grid-1969578175\" class=\"banner-grid row row-grid row-small\" data-packery-options=\"\">\r\n                      \n\n<div class=\"col grid-col large-4 grid-col-1-2\" ><div class=\"col-inner\">\n\n\t<div class=\"img has-hover x md-x lg-x y md-y lg-y\" id=\"image_1503660261\">\r\n\t\t\t\t\t\t\t\t<div class=\"img-inner dark\" >\r\n\t\t\t<img loading=\"lazy\" decoding=\"async\" width=\"410\" height=\"316\" src=\"https:\/\/auroravungtau.vn\/wp-content\/uploads\/2024\/10\/z5816180925145_f8c67cb41344d7f3c65f729c934faf1c.jpg\" class=\"attachment-original size-original\" alt=\"\" \/>\t\t\t\t\t\t\r\n\t\t\t\t\t<\/div>\r\n\t\t\t\t\t\t\t\t\n<style>\n#image_1503660261 {\n  width: 100%;\n}\n<\/style>\n\t<\/div>\r\n\t\n\n\n<\/div><\/div>\n<div class=\"col grid-col large-4 grid-col-1-2\" ><div class=\"col-inner\">\n\n\t<div class=\"img has-hover x md-x lg-x y md-y lg-y\" id=\"image_1687238931\">\r\n\t\t\t\t\t\t\t\t<div class=\"img-inner dark\" >\r\n\t\t\t<img loading=\"lazy\" decoding=\"async\" width=\"410\" height=\"316\" src=\"https:\/\/auroravungtau.vn\/wp-content\/uploads\/2024\/10\/z5816182190188_4393ce64b65267dba2e85778f62aa344.jpg\" class=\"attachment-original size-original\" alt=\"\" \/>\t\t\t\t\t\t\r\n\t\t\t\t\t<\/div>\r\n\t\t\t\t\t\t\t\t\n<style>\n#image_1687238931 {\n  width: 100%;\n}\n<\/style>\n\t<\/div>\r\n\t\n\n\n<\/div><\/div>\n<div class=\"col grid-col large-4 grid-col-1-2\" ><div class=\"col-inner\">\n\n\t<div class=\"img has-hover x md-x lg-x y md-y lg-y\" id=\"image_139586859\">\r\n\t\t\t\t\t\t\t\t<div class=\"img-inner dark\" >\r\n\t\t\t<img loading=\"lazy\" decoding=\"async\" width=\"410\" height=\"316\" src=\"https:\/\/auroravungtau.vn\/wp-content\/uploads\/2024\/10\/z5816180925536_cfbf9a28e9ef9abb50f3fe7efa06b8e7.jpg\" class=\"attachment-original size-original\" alt=\"\" \/>\t\t\t\t\t\t\r\n\t\t\t\t\t<\/div>\r\n\t\t\t\t\t\t\t\t\n<style>\n#image_139586859 {\n  width: 100%;\n}\n<\/style>\n\t<\/div>\r\n\t\n\n\n<\/div><\/div>\n<div class=\"col grid-col large-4 grid-col-1-2\" ><div class=\"col-inner\">\n\n\t<div class=\"img has-hover x md-x lg-x y md-y lg-y\" id=\"image_1662893827\">\r\n\t\t\t\t\t\t\t\t<div class=\"img-inner dark\" >\r\n\t\t\t<img loading=\"lazy\" decoding=\"async\" width=\"410\" height=\"316\" src=\"https:\/\/auroravungtau.vn\/wp-content\/uploads\/2024\/10\/z5816180933711_7db6053a6c278671112ed17d7ecd70f1.jpg\" class=\"attachment-original size-original\" alt=\"\" \/>\t\t\t\t\t\t\r\n\t\t\t\t\t<\/div>\r\n\t\t\t\t\t\t\t\t\n<style>\n#image_1662893827 {\n  width: 100%;\n}\n<\/style>\n\t<\/div>\r\n\t\n\n\n<\/div><\/div>\n<div class=\"col grid-col large-4 grid-col-1-2\" ><div class=\"col-inner\">\n\n\t<div class=\"img has-hover x md-x lg-x y md-y lg-y\" id=\"image_525948345\">\r\n\t\t\t\t\t\t\t\t<div class=\"img-inner dark\" >\r\n\t\t\t<img loading=\"lazy\" decoding=\"async\" width=\"410\" height=\"316\" src=\"https:\/\/auroravungtau.vn\/wp-content\/uploads\/2024\/10\/z5816180934881_884cb5da41c7d91b91a8d26e3d6f7be9.jpg\" class=\"attachment-original size-original\" alt=\"\" \/>\t\t\t\t\t\t\r\n\t\t\t\t\t<\/div>\r\n\t\t\t\t\t\t\t\t\n<style>\n#image_525948345 {\n  width: 100%;\n}\n<\/style>\n\t<\/div>\r\n\t\n\n\n<\/div><\/div>\n<div class=\"col grid-col large-4 grid-col-1-2\" ><div class=\"col-inner\">\n\n\t<div class=\"img has-hover x md-x lg-x y md-y lg-y\" id=\"image_1274729945\">\r\n\t\t\t\t\t\t\t\t<div class=\"img-inner dark\" >\r\n\t\t\t<img loading=\"lazy\" decoding=\"async\" width=\"410\" height=\"316\" src=\"https:\/\/auroravungtau.vn\/wp-content\/uploads\/2024\/10\/z5816180944456_de043457d8e0d4cf3b1e06e93a41a697.jpg\" class=\"attachment-original size-original\" alt=\"\" \/>\t\t\t\t\t\t\r\n\t\t\t\t\t<\/div>\r\n\t\t\t\t\t\t\t\t\n<style>\n#image_1274729945 {\n  width: 100%;\n}\n<\/style>\n\t<\/div>\r\n\t\n\n\n<\/div><\/div>\n<div class=\"col grid-col large-4 grid-col-1-2\" ><div class=\"col-inner\">\n\n\t<div class=\"img has-hover x md-x lg-x y md-y lg-y\" id=\"image_1319287315\">\r\n\t\t\t\t\t\t\t\t<div class=\"img-inner dark\" >\r\n\t\t\t<img loading=\"lazy\" decoding=\"async\" width=\"410\" height=\"316\" src=\"https:\/\/auroravungtau.vn\/wp-content\/uploads\/2024\/10\/z5816180999253_c740d9fc010b814e878ec4a14496c697.jpg\" class=\"attachment-original size-original\" alt=\"\" \/>\t\t\t\t\t\t\r\n\t\t\t\t\t<\/div>\r\n\t\t\t\t\t\t\t\t\n<style>\n#image_1319287315 {\n  width: 100%;\n}\n<\/style>\n\t<\/div>\r\n\t\n\n\n<\/div><\/div>\n<div class=\"col grid-col large-4 grid-col-1-2\" ><div class=\"col-inner\">\n\n\t<div class=\"img has-hover x md-x lg-x y md-y lg-y\" id=\"image_163015423\">\r\n\t\t\t\t\t\t\t\t<div class=\"img-inner dark\" >\r\n\t\t\t<img loading=\"lazy\" decoding=\"async\" width=\"410\" height=\"316\" src=\"https:\/\/auroravungtau.vn\/wp-content\/uploads\/2024\/10\/z5816182178697_66ea7befae27290f10fdfb3157430e43.jpg\" class=\"attachment-original size-original\" alt=\"\" \/>\t\t\t\t\t\t\r\n\t\t\t\t\t<\/div>\r\n\t\t\t\t\t\t\t\t\n<style>\n#image_163015423 {\n  width: 100%;\n}\n<\/style>\n\t<\/div>\r\n\t\n\n\n<\/div><\/div>\n<div class=\"col grid-col large-4 grid-col-1-2\" ><div class=\"col-inner\">\n\n\t<div class=\"img has-hover x md-x lg-x y md-y lg-y\" id=\"image_1879616293\">\r\n\t\t\t\t\t\t\t\t<div class=\"img-inner dark\" >\r\n\t\t\t<img loading=\"lazy\" decoding=\"async\" width=\"410\" height=\"316\" src=\"https:\/\/auroravungtau.vn\/wp-content\/uploads\/2024\/10\/z5816181027278_ddf5887247692633658a78c72358c85f.jpg\" class=\"attachment-original size-original\" alt=\"\" \/>\t\t\t\t\t\t\r\n\t\t\t\t\t<\/div>\r\n\t\t\t\t\t\t\t\t\n<style>\n#image_1879616293 {\n  width: 100%;\n}\n<\/style>\n\t<\/div>\r\n\t\n\n\n<\/div><\/div>\n\n            <\/div>\r\n    <style>\r\n    #banner-grid-1969578175 .grid-col-1{height: 600px}\r\n    #banner-grid-1969578175 .grid-col-1-2{height: 300px}\r\n    #banner-grid-1969578175 .grid-col-1-3{height:200px}\r\n    #banner-grid-1969578175 .grid-col-2-3{height: 400px}\r\n    #banner-grid-1969578175 .grid-col-1-4{height: 150px}\r\n    #banner-grid-1969578175 .grid-col-3-4{height: 450px}\r\n\r\n\r\n    \r\n    \r\n\r\n  <\/style>\r\n    <\/div>\r\n  \n  <div class=\"banner-grid-wrapper\">\r\n  <div id=\"banner-grid-733795419\" class=\"banner-grid row row-grid row-small\" data-packery-options=\"\">\r\n                      \n\n<div class=\"col grid-col large-4 grid-col-1-2\" ><div class=\"col-inner\">\n\n\t<div class=\"img has-hover x md-x lg-x y md-y lg-y\" id=\"image_1903043271\">\r\n\t\t\t\t\t\t\t\t<div class=\"img-inner dark\" >\r\n\t\t\t<img loading=\"lazy\" decoding=\"async\" width=\"410\" height=\"316\" src=\"https:\/\/auroravungtau.vn\/wp-content\/uploads\/2024\/10\/z5750447119209_3ab195441603851fd9d9fabca474ca27.jpg\" class=\"attachment-original size-original\" alt=\"\" \/>\t\t\t\t\t\t\r\n\t\t\t\t\t<\/div>\r\n\t\t\t\t\t\t\t\t\n<style>\n#image_1903043271 {\n  width: 100%;\n}\n<\/style>\n\t<\/div>\r\n\t\n\n\n<\/div><\/div>\n<div class=\"col grid-col large-4 grid-col-1-2\" ><div class=\"col-inner\">\n\n\t<div class=\"img has-hover x md-x lg-x y md-y lg-y\" id=\"image_1051931787\">\r\n\t\t\t\t\t\t\t\t<div class=\"img-inner dark\" >\r\n\t\t\t<img loading=\"lazy\" decoding=\"async\" width=\"410\" height=\"316\" src=\"https:\/\/auroravungtau.vn\/wp-content\/uploads\/2024\/10\/z5750447194814_39a268669e75c261c9f9998876b44a50.jpg\" class=\"attachment-original size-original\" alt=\"\" \/>\t\t\t\t\t\t\r\n\t\t\t\t\t<\/div>\r\n\t\t\t\t\t\t\t\t\n<style>\n#image_1051931787 {\n  width: 100%;\n}\n<\/style>\n\t<\/div>\r\n\t\n\n\n<\/div><\/div>\n<div class=\"col grid-col large-4 grid-col-1-2\" ><div class=\"col-inner\">\n\n\t<div class=\"img has-hover x md-x lg-x y md-y lg-y\" id=\"image_1983402530\">\r\n\t\t\t\t\t\t\t\t<div class=\"img-inner dark\" >\r\n\t\t\t<img loading=\"lazy\" decoding=\"async\" width=\"410\" height=\"316\" src=\"https:\/\/auroravungtau.vn\/wp-content\/uploads\/2024\/10\/z5750447194814_39a268669e75c261c9f9998876b44a50.jpg\" class=\"attachment-original size-original\" alt=\"\" \/>\t\t\t\t\t\t\r\n\t\t\t\t\t<\/div>\r\n\t\t\t\t\t\t\t\t\n<style>\n#image_1983402530 {\n  width: 100%;\n}\n<\/style>\n\t<\/div>\r\n\t\n\n\n<\/div><\/div>\n<div class=\"col grid-col large-4 grid-col-1-2\" ><div class=\"col-inner\">\n\n\t<div class=\"img has-hover x md-x lg-x y md-y lg-y\" id=\"image_1358539715\">\r\n\t\t\t\t\t\t\t\t<div class=\"img-inner dark\" >\r\n\t\t\t<img loading=\"lazy\" decoding=\"async\" width=\"410\" height=\"316\" src=\"https:\/\/auroravungtau.vn\/wp-content\/uploads\/2024\/10\/z5750447176897_303902771c5913951254170369c90f1b-1.jpg\" class=\"attachment-original size-original\" alt=\"\" \/>\t\t\t\t\t\t\r\n\t\t\t\t\t<\/div>\r\n\t\t\t\t\t\t\t\t\n<style>\n#image_1358539715 {\n  width: 100%;\n}\n<\/style>\n\t<\/div>\r\n\t\n\n\n<\/div><\/div>\n<div class=\"col grid-col large-4 grid-col-1-2\" ><div class=\"col-inner\">\n\n\t<div class=\"img has-hover x md-x lg-x y md-y lg-y\" id=\"image_951333570\">\r\n\t\t\t\t\t\t\t\t<div class=\"img-inner dark\" >\r\n\t\t\t<img loading=\"lazy\" decoding=\"async\" width=\"410\" height=\"316\" src=\"https:\/\/auroravungtau.vn\/wp-content\/uploads\/2024\/10\/z5750447168887_7ed6c90abcad727fcf6b4dd02c274f8c-1.jpg\" class=\"attachment-original size-original\" alt=\"\" \/>\t\t\t\t\t\t\r\n\t\t\t\t\t<\/div>\r\n\t\t\t\t\t\t\t\t\n<style>\n#image_951333570 {\n  width: 100%;\n}\n<\/style>\n\t<\/div>\r\n\t\n\n\n<\/div><\/div>\n<div class=\"col grid-col large-4 grid-col-1-2\" ><div class=\"col-inner\">\n\n\t<div class=\"img has-hover x md-x lg-x y md-y lg-y\" id=\"image_1283658571\">\r\n\t\t\t\t\t\t\t\t<div class=\"img-inner dark\" >\r\n\t\t\t<img loading=\"lazy\" decoding=\"async\" width=\"410\" height=\"316\" src=\"https:\/\/auroravungtau.vn\/wp-content\/uploads\/2024\/10\/z5750447162395_b5a06cdb1f44d3e4aeeb47286519866e-1.jpg\" class=\"attachment-original size-original\" alt=\"\" \/>\t\t\t\t\t\t\r\n\t\t\t\t\t<\/div>\r\n\t\t\t\t\t\t\t\t\n<style>\n#image_1283658571 {\n  width: 100%;\n}\n<\/style>\n\t<\/div>\r\n\t\n\n\n<\/div><\/div>\n<div class=\"col grid-col large-4 grid-col-1-2\" ><div class=\"col-inner\">\n\n\t<div class=\"img has-hover x md-x lg-x y md-y lg-y\" id=\"image_917425410\">\r\n\t\t\t\t\t\t\t\t<div class=\"img-inner dark\" >\r\n\t\t\t<img loading=\"lazy\" decoding=\"async\" width=\"410\" height=\"316\" src=\"https:\/\/auroravungtau.vn\/wp-content\/uploads\/2024\/10\/z5750447148077_3f7ae0b04450f8d133c9639e9a5d41a6.jpg\" class=\"attachment-original size-original\" alt=\"\" \/>\t\t\t\t\t\t\r\n\t\t\t\t\t<\/div>\r\n\t\t\t\t\t\t\t\t\n<style>\n#image_917425410 {\n  width: 100%;\n}\n<\/style>\n\t<\/div>\r\n\t\n\n\n<\/div><\/div>\n<div class=\"col grid-col large-4 grid-col-1-2\" ><div class=\"col-inner\">\n\n\t<div class=\"img has-hover x md-x lg-x y md-y lg-y\" id=\"image_626522701\">\r\n\t\t\t\t\t\t\t\t<div class=\"img-inner dark\" >\r\n\t\t\t<img loading=\"lazy\" decoding=\"async\" width=\"410\" height=\"316\" src=\"https:\/\/auroravungtau.vn\/wp-content\/uploads\/2024\/10\/z5750447133309_ec3a4d3d261d3f45162fd8ee8c341f08-1.jpg\" class=\"attachment-original size-original\" alt=\"\" \/>\t\t\t\t\t\t\r\n\t\t\t\t\t<\/div>\r\n\t\t\t\t\t\t\t\t\n<style>\n#image_626522701 {\n  width: 100%;\n}\n<\/style>\n\t<\/div>\r\n\t\n\n\n<\/div><\/div>\n<div class=\"col grid-col large-4 grid-col-1-2\" ><div class=\"col-inner\">\n\n\t<div class=\"img has-hover x md-x lg-x y md-y lg-y\" id=\"image_231992491\">\r\n\t\t\t\t\t\t\t\t<div class=\"img-inner dark\" >\r\n\t\t\t<img loading=\"lazy\" decoding=\"async\" width=\"410\" height=\"316\" src=\"https:\/\/auroravungtau.vn\/wp-content\/uploads\/2024\/10\/z5750447128024_b6cc805a8a812b3bd973ce08596f8c13-1.jpg\" class=\"attachment-original size-original\" alt=\"\" \/>\t\t\t\t\t\t\r\n\t\t\t\t\t<\/div>\r\n\t\t\t\t\t\t\t\t\n<style>\n#image_231992491 {\n  width: 100%;\n}\n<\/style>\n\t<\/div>\r\n\t\n\n\n<\/div><\/div>\n\n            <\/div>\r\n    <style>\r\n    #banner-grid-733795419 .grid-col-1{height: 600px}\r\n    #banner-grid-733795419 .grid-col-1-2{height: 300px}\r\n    #banner-grid-733795419 .grid-col-1-3{height:200px}\r\n    #banner-grid-733795419 .grid-col-2-3{height: 400px}\r\n    #banner-grid-733795419 .grid-col-1-4{height: 150px}\r\n    #banner-grid-733795419 .grid-col-3-4{height: 450px}\r\n\r\n\r\n    \r\n    \r\n\r\n  <\/style>\r\n    <\/div>\r\n  \n\n     <\/div>\r\n\r\n     <div class=\"loading-spin dark large centered\"><\/div>\r\n\r\n     \t<\/div>\r\n\r\n\n\n\t\t<\/div>\r\n\t\t\t\t\t<\/div>\r\n\r\n\t\n\n<\/div>\n\t<div id=\"gap-187349076\" class=\"gap-element clearfix\" style=\"display:block; height:auto;\">\r\n\t\t\n<style>\n#gap-187349076 {\n  padding-top: 60px;\n}\n<\/style>\n\t<\/div>\r\n\t\n\n\n","protected":false},"excerpt":{"rendered":"","protected":false},"author":1,"featured_media":0,"parent":0,"menu_order":0,"comment_status":"closed","ping_status":"closed","template":"page-blank.php","meta":{"footnotes":""},"class_list":["post-14","page","type-page","status-publish","hentry"],"_links":{"self":[{"href":"https:\/\/auroravungtau.vn\/vi\/wp-json\/wp\/v2\/pages\/14"}],"collection":[{"href":"https:\/\/auroravungtau.vn\/vi\/wp-json\/wp\/v2\/pages"}],"about":[{"href":"https:\/\/auroravungtau.vn\/vi\/wp-json\/wp\/v2\/types\/page"}],"author":[{"embeddable":true,"href":"https:\/\/auroravungtau.vn\/vi\/wp-json\/wp\/v2\/users\/1"}],"replies":[{"embeddable":true,"href":"https:\/\/auroravungtau.vn\/vi\/wp-json\/wp\/v2\/comments?post=14"}],"version-history":[{"count":0,"href":"https:\/\/auroravungtau.vn\/vi\/wp-json\/wp\/v2\/pages\/14\/revisions"}],"wp:attachment":[{"href":"https:\/\/auroravungtau.vn\/vi\/wp-json\/wp\/v2\/media?parent=14"}],"curies":[{"name":"wp","href":"https:\/\/api.w.org\/{rel}","templated":true}]}}