{"id":1361,"date":"2024-09-09T09:00:22","date_gmt":"2024-09-09T02:00:22","guid":{"rendered":"https:\/\/zdemo.webthietke.net\/?page_id=1361"},"modified":"2025-06-07T10:43:27","modified_gmt":"2025-06-07T03:43:27","slug":"dich-vu","status":"publish","type":"page","link":"https:\/\/auroravungtau.vn\/vi\/dich-vu\/","title":{"rendered":"D\u1ecbch v\u1ee5"},"content":{"rendered":"\n\r\n  <div class=\"banner has-hover\" id=\"banner-1867008588\">\r\n          <div class=\"banner-inner fill\">\r\n        <div class=\"banner-bg fill\" >\r\n            <div class=\"bg fill bg-fill \"><\/div>\r\n                        <div class=\"overlay\"><\/div>            \r\n                    <\/div>\r\n        <div class=\"banner-layers container\">\r\n            <div class=\"fill banner-link\"><\/div>            \n\n   <div id=\"text-box-209313104\" class=\"text-box banner-layer x50 md-x50 lg-x50 y50 md-y50 lg-y50 res-text\">\r\n                                <div class=\"text-box-content text dark\">\r\n              \r\n              <div class=\"text-inner text-center\">\r\n                  \n\n<h3 class=\"svnb\"><span style=\"font-size: 36px;\">D\u1ecaCH V\u1ee4<\/span><\/h3>\n\n              <\/div>\r\n           <\/div>\r\n                            \n<style>\n#text-box-209313104 {\n  width: 60%;\n}\n#text-box-209313104 .text-box-content {\n  font-size: 100%;\n}\n<\/style>\n    <\/div>\r\n \n\n        <\/div>\r\n      <\/div>\r\n\r\n            \n<style>\n#banner-1867008588 {\n  padding-top: 400px;\n}\n#banner-1867008588 .bg.bg-loaded {\n  background-image: url(https:\/\/auroravungtau.vn\/wp-content\/uploads\/2025\/06\/z6680475493847_28e60d646a189ff40983c45b45598e94.jpg.png);\n}\n#banner-1867008588 .overlay {\n  background-color: rgba(96, 96, 96, 0.36);\n}\n#banner-1867008588 .bg {\n  background-position: 56% 69%;\n}\n<\/style>\n  <\/div>\r\n\r\n\n<div class=\"row align-middle dichvu tieccuoi\"  id=\"row-1961189018\">\n\n\r\n\t<div id=\"col-1447988034\" class=\"col medium-6 small-12 large-6\"  >\r\n\t\t\t\t<div class=\"col-inner text-center\"  >\r\n\t\t\t\r\n\t\t\t\n\n<div class=\"row row-collapse align-center\"  id=\"row-281372219\">\n\n\r\n\t<div id=\"col-840367661\" class=\"col medium-8 small-12 large-8\"  >\r\n\t\t\t\t<div class=\"col-inner\"  >\r\n\t\t\t\r\n\t\t\t\n\n\t<div id=\"text-1911782520\" class=\"text\">\r\n\t\t\n\n<h1 class=\"uppercase\"><span style=\"color: #dfbc85;\">Ti\u1ec7c c\u01b0\u1edbi<\/span><\/h1>\n<h1 class=\"letrai\"><strong>Trong m\u01a1<\/strong><\/h1>\n\t\t\n<style>\n#text-1911782520 {\n  text-align: left;\n}\n<\/style>\n\t<\/div>\r\n\t\n\n\t\t<\/div>\r\n\t\t\t\t\t<\/div>\r\n\r\n\t\n\n<\/div>\n\t<div id=\"gap-2031843457\" class=\"gap-element clearfix\" style=\"display:block; height:auto;\">\r\n\t\t\n<style>\n#gap-2031843457 {\n  padding-top: 10px;\n}\n<\/style>\n\t<\/div>\r\n\t\n\n<p>Ch\u00fang t\u00f4i hi\u1ec3u r\u1eb1ng ng\u00e0y c\u01b0\u1edbi l\u00e0 m\u1ed9t trong nh\u1eefng ng\u00e0y quan tr\u1ecdng nh\u1ea5t trong cu\u1ed9c \u0111\u1eddi b\u1ea1n. V\u00ec v\u1eady, Aurora Event Center V\u0169ng T\u00e0u t\u1ea1o n\u00ean kh\u00f4ng gian \u1ea5m c\u00fang v\u00e0 g\u1ea7n g\u0169i, gi\u00fap b\u1ea1n v\u00e0 kh\u00e1ch m\u1eddi c\u1ea3m nh\u1eadn \u0111\u01b0\u1ee3c s\u1ef1 tho\u1ea3i m\u00e1i v\u00e0 h\u1ea1nh ph\u00fac. Kh\u00f4ng gian t\u1ea1i Aurora Event Center V\u0169ng T\u00e0u, v\u1eeba mang \u0111\u1eadm n\u00e9t sang tr\u1ecdng, v\u1eeba t\u1ea1o c\u1ea3m gi\u00e1c th\u00e2n thi\u1ec7n v\u00e0 \u1ea5m \u00e1p, t\u1ea1o n\u00ean b\u1ea7u kh\u00f4ng kh\u00ed th\u00e2n m\u1eadt v\u00e0 \u1ea5m \u00e1p cho m\u1ecdi ng\u01b0\u1eddi tham d\u1ef1.<\/p>\n<a href=\"\/tiec-cuoi\" target=\"_self\" class=\"button success is-large\"  style=\"border-radius:10px;\">\r\n    <span>Chi ti\u1ebft<\/span>\r\n  <\/a>\r\n\n\n\n\t\t<\/div>\r\n\t\t\t\t\t<\/div>\r\n\r\n\t\n\r\n\t<div id=\"col-527056607\" class=\"col medium-6 small-12 large-6\"  >\r\n\t\t\t\t<div class=\"col-inner\"  >\r\n\t\t\t\r\n\t\t\t\n\n\t<div class=\"img has-hover x md-x lg-x y md-y lg-y\" id=\"image_677874954\">\r\n\t\t\t\t\t\t\t\t<div class=\"img-inner dark\" >\r\n\t\t\t<img loading=\"lazy\" decoding=\"async\" width=\"1271\" height=\"847\" src=\"https:\/\/auroravungtau.vn\/wp-content\/uploads\/2025\/06\/Untitled-2.png\" class=\"attachment-original size-original\" alt=\"\" srcset=\"https:\/\/auroravungtau.vn\/wp-content\/uploads\/2025\/06\/Untitled-2.png 1271w, https:\/\/auroravungtau.vn\/wp-content\/uploads\/2025\/06\/Untitled-2-768x512.png 768w\" sizes=\"(max-width: 1271px) 100vw, 1271px\" \/>\t\t\t\t\t\t\r\n\t\t\t\t\t<\/div>\r\n\t\t\t\t\t\t\t\t\n<style>\n#image_677874954 {\n  width: 100%;\n}\n<\/style>\n\t<\/div>\r\n\t\n\n\n\t\t<\/div>\r\n\t\t\t\t\t<\/div>\r\n\r\n\t\n\n<\/div>\n\t<div id=\"gap-1328476014\" class=\"gap-element clearfix\" style=\"display:block; height:auto;\">\r\n\t\t\n<style>\n#gap-1328476014 {\n  padding-top: 10px;\n}\n<\/style>\n\t<\/div>\r\n\t\n\n<div class=\"row align-middle dichvu hoinghi\"  id=\"row-577170115\">\n\n\r\n\t<div id=\"col-1385859908\" class=\"col medium-6 small-12 large-6\"  >\r\n\t\t\t\t<div class=\"col-inner text-right\"  >\r\n\t\t\t\r\n\t\t\t\n\n\t<div class=\"img has-hover x md-x lg-x y md-y lg-y\" id=\"image_1145451248\">\r\n\t\t\t\t\t\t\t\t<div class=\"img-inner dark\" >\r\n\t\t\t<img loading=\"lazy\" decoding=\"async\" width=\"1271\" height=\"847\" src=\"https:\/\/auroravungtau.vn\/wp-content\/uploads\/2025\/06\/Untitled-3-2.png\" class=\"attachment-original size-original\" alt=\"\" srcset=\"https:\/\/auroravungtau.vn\/wp-content\/uploads\/2025\/06\/Untitled-3-2.png 1271w, https:\/\/auroravungtau.vn\/wp-content\/uploads\/2025\/06\/Untitled-3-2-768x512.png 768w\" sizes=\"(max-width: 1271px) 100vw, 1271px\" \/>\t\t\t\t\t\t\r\n\t\t\t\t\t<\/div>\r\n\t\t\t\t\t\t\t\t\n<style>\n#image_1145451248 {\n  width: 100%;\n}\n<\/style>\n\t<\/div>\r\n\t\n\n\n\t\t<\/div>\r\n\t\t\t\t\t<\/div>\r\n\r\n\t\n\r\n\t<div id=\"col-3572700\" class=\"col medium-6 small-12 large-6\"  >\r\n\t\t\t\t<div class=\"col-inner text-center\"  >\r\n\t\t\t\r\n\t\t\t\n\n<div class=\"row row-collapse row-full-width\"  id=\"row-2118207621\">\n\n\r\n\t<div id=\"col-1959733512\" class=\"col medium-3 small-12 large-3\"  >\r\n\t\t\t\t<div class=\"col-inner\"  >\r\n\t\t\t\r\n\t\t\t\n\n\n\t\t<\/div>\r\n\t\t\t\t\t<\/div>\r\n\r\n\t\n\r\n\t<div id=\"col-1535036351\" class=\"col medium-8 small-12 large-8\"  >\r\n\t\t\t\t<div class=\"col-inner\"  >\r\n\t\t\t\r\n\t\t\t\n\n\t<div id=\"text-1761748126\" class=\"text\">\r\n\t\t\n\n<h1 class=\"uppercase\"><span style=\"color: #dfbc85;\">H\u1ed9i ngh\u1ecb, tri\u1ec3n l\u00e3m<\/span><\/h1>\n<h1 class=\"lephai\">\u00a0\u00a0\u00a0\u00a0\u00a0\u00a0\u00a0\u00a0\u00a0\u00a0\u00a0\u00a0\u00a0\u00a0\u00a0\u00a0\u00a0<strong> \u0110\u1eb3ng c\u1ea5p<\/strong><\/h1>\n\t\t\n<style>\n#text-1761748126 {\n  text-align: left;\n}\n<\/style>\n\t<\/div>\r\n\t\n\n\t\t<\/div>\r\n\t\t\t\t\t<\/div>\r\n\r\n\t\n\r\n\t<div id=\"col-365512543\" class=\"col medium-1 small-12 large-1\"  >\r\n\t\t\t\t<div class=\"col-inner\"  >\r\n\t\t\t\r\n\t\t\t\n\n\n\t\t<\/div>\r\n\t\t\t\t\t<\/div>\r\n\r\n\t\n\n<\/div>\n\t<div id=\"gap-1778630520\" class=\"gap-element clearfix\" style=\"display:block; height:auto;\">\r\n\t\t\n<style>\n#gap-1778630520 {\n  padding-top: 30px;\n}\n<\/style>\n\t<\/div>\r\n\t\n\n\t<div id=\"text-1781291774\" class=\"text\">\r\n\t\t\n\n<p>\u0110\u1ed1i v\u1edbi c\u00e1c doanh nghi\u1ec7p, vi\u1ec7c l\u1ef1a ch\u1ecdn \u0111\u1ecba \u0111i\u1ec3m t\u1ed5 ch\u1ee9c s\u1ef1 ki\u1ec7n kh\u00f4ng ch\u1ec9 d\u1eebng l\u1ea1i \u1edf v\u1ecb tr\u00ed; m\u00e0 c\u00f2n c\u1ea7n l\u1ef1a ch\u1ecdn th\u01b0\u01a1ng hi\u1ec7u th\u1ec3 hi\u1ec7n \u0111\u01b0\u1ee3c s\u1ef1 chuy\u00ean nghi\u1ec7p v\u00e0 chu \u0111\u00e1o trong vi\u1ec7c ph\u1ee5c v\u1ee5 s\u1ef1 ki\u1ec7n. Vi\u1ec7c l\u1ef1a ch\u1ecdn \u0111\u1ecba \u0111i\u1ec3m t\u1ed5 ch\u1ee9c S\u1ef1 ki\u1ec7n \u2013 H\u1ed9i ngh\u1ecb c\u0169ng ch\u00ednh l\u00e0 kh\u1eb3ng \u0111\u1ecbnh danh ti\u1ebfng v\u00e0 uy t\u00edn c\u1ee7a doanh nghi\u1ec7p. Aurora Event Center s\u1eb5n s\u00e0ng gi\u00fap qu\u00fd doanh nghi\u1ec7p c\u00f3 \u0111\u01b0\u1ee3c nh\u1eefng s\u1ef1 ki\u1ec7n nh\u01b0 \u00fd g\u00e2y \u1ea5n t\u01b0\u1ee3ng t\u1ed1t \u0111\u1eb9p v\u1edbi c\u00e1c \u0111\u1ed1i t\u00e1c, kh\u00e1ch h\u00e0ng v\u1edbi ng\u00e2n s\u00e1ch linh ho\u1ea1t.<\/p>\n\t\t\n<style>\n#text-1781291774 {\n  text-align: left;\n}\n<\/style>\n\t<\/div>\r\n\t\n\t<div id=\"gap-939037158\" class=\"gap-element clearfix\" style=\"display:block; height:auto;\">\r\n\t\t\n<style>\n#gap-939037158 {\n  padding-top: 30px;\n}\n<\/style>\n\t<\/div>\r\n\t\n\n<a href=\"\/hoi-nghi\" target=\"_self\" class=\"button success is-large\"  style=\"border-radius:10px;\">\r\n    <span>Chi ti\u1ebft<\/span>\r\n  <\/a>\r\n\n\n\n\t\t<\/div>\r\n\t\t\t\t\t<\/div>\r\n\r\n\t\n\n<\/div>\n\t<div id=\"gap-1157281560\" class=\"gap-element clearfix\" style=\"display:block; height:auto;\">\r\n\t\t\n<style>\n#gap-1157281560 {\n  padding-top: 10px;\n}\n<\/style>\n\t<\/div>\r\n\t\n\n<div class=\"row align-middle dichvu gala\"  id=\"row-134832026\">\n\n\r\n\t<div id=\"col-475559\" class=\"col medium-6 small-12 large-6\"  >\r\n\t\t\t\t<div class=\"col-inner text-center\"  >\r\n\t\t\t\r\n\t\t\t\n\n<div class=\"row align-center\"  id=\"row-171648053\">\n\n\r\n\t<div id=\"col-2086836651\" class=\"col medium-10 small-12 large-10\"  >\r\n\t\t\t\t<div class=\"col-inner\"  >\r\n\t\t\t\r\n\t\t\t\n\n\t<div id=\"text-1282936680\" class=\"text\">\r\n\t\t\n\n<h1 class=\"uppercase\"><span style=\"color: #dfbc85;\">Ti\u1ec7c GALA<\/span><\/h1>\n<h1 class=\"letrai\"><strong>Ho\u00e0nh tr\u00e1ng<\/strong><\/h1>\n\t\t\n<style>\n#text-1282936680 {\n  text-align: left;\n}\n<\/style>\n\t<\/div>\r\n\t\n\n\t\t<\/div>\r\n\t\t\t\t\t<\/div>\r\n\r\n\t\n\n<\/div>\n\t<div id=\"gap-902031123\" class=\"gap-element clearfix\" style=\"display:block; height:auto;\">\r\n\t\t\n<style>\n#gap-902031123 {\n  padding-top: 30px;\n}\n<\/style>\n\t<\/div>\r\n\t\n\n\t<div id=\"text-1852688880\" class=\"text\">\r\n\t\t\n\n<p>N\u1ebfu b\u1ea1n \u0111ang t\u00ecm ki\u1ebfm m\u1ed9t \u0111\u1ecba \u0111i\u1ec3m t\u1ed5 ch\u1ee9c s\u1ef1 ki\u1ec7n \u0111\u1eb3ng c\u1ea5p \u0111\u1ec3 th\u1ec3 hi\u1ec7n v\u1ecb th\u1ebf c\u1ee7a doanh nghi\u1ec7p, h\u00e3y ch\u1ecdn Aurora Event Center V\u0169ng T\u00e0u. V\u1edbi kh\u00f4ng gian r\u1ed9ng r\u00e3i, sang tr\u1ecdng v\u00e0 d\u1ecbch v\u1ee5 ho\u00e0n h\u1ea3o \u0111\u1ebfn t\u1eebng chi ti\u1ebft nh\u1ecf, Aurora Event Center s\u1ebd mang l\u1ea1i s\u1ef1 h\u00e0i l\u00f2ng t\u1ed1i \u0111a cho b\u1ea1n v\u00e0 kh\u00e1ch m\u1eddi. H\u00e3y \u0111\u1ec3 Aurora Event Center V\u0169ng T\u00e0u bi\u1ebfn s\u1ef1 ki\u1ec7n c\u1ee7a b\u1ea1n th\u00e0nh m\u1ed9t k\u1ef7 ni\u1ec7m kh\u00f3 qu\u00ean.<\/p>\n\t\t\n<style>\n#text-1852688880 {\n  text-align: left;\n}\n<\/style>\n\t<\/div>\r\n\t\n\t<div id=\"gap-1823823014\" class=\"gap-element clearfix\" style=\"display:block; height:auto;\">\r\n\t\t\n<style>\n#gap-1823823014 {\n  padding-top: 30px;\n}\n<\/style>\n\t<\/div>\r\n\t\n\n<a href=\"\/su-kien\" target=\"_self\" class=\"button success is-large\"  style=\"border-radius:10px;\">\r\n    <span>Chi ti\u1ebft<\/span>\r\n  <\/a>\r\n\n\n\n\t\t<\/div>\r\n\t\t\t\t\t<\/div>\r\n\r\n\t\n\r\n\t<div id=\"col-659383667\" class=\"col medium-6 small-12 large-6\"  >\r\n\t\t\t\t<div class=\"col-inner\"  >\r\n\t\t\t\r\n\t\t\t\n\n\t<div class=\"img has-hover x md-x lg-x y md-y lg-y\" id=\"image_402976148\">\r\n\t\t\t\t\t\t\t\t<div class=\"img-inner dark\" >\r\n\t\t\t<img loading=\"lazy\" decoding=\"async\" width=\"1271\" height=\"847\" src=\"https:\/\/auroravungtau.vn\/wp-content\/uploads\/2025\/06\/dfsdf.png\" class=\"attachment-original size-original\" alt=\"\" srcset=\"https:\/\/auroravungtau.vn\/wp-content\/uploads\/2025\/06\/dfsdf.png 1271w, https:\/\/auroravungtau.vn\/wp-content\/uploads\/2025\/06\/dfsdf-768x512.png 768w\" sizes=\"(max-width: 1271px) 100vw, 1271px\" \/>\t\t\t\t\t\t\r\n\t\t\t\t\t<\/div>\r\n\t\t\t\t\t\t\t\t\n<style>\n#image_402976148 {\n  width: 100%;\n}\n<\/style>\n\t<\/div>\r\n\t\n\n\n\t\t<\/div>\r\n\t\t\t\t\t<\/div>\r\n\r\n\t\n\n<\/div>\n\n","protected":false},"excerpt":{"rendered":"","protected":false},"author":1,"featured_media":0,"parent":0,"menu_order":0,"comment_status":"closed","ping_status":"closed","template":"page-blank.php","meta":{"footnotes":""},"class_list":["post-1361","page","type-page","status-publish","hentry"],"_links":{"self":[{"href":"https:\/\/auroravungtau.vn\/vi\/wp-json\/wp\/v2\/pages\/1361"}],"collection":[{"href":"https:\/\/auroravungtau.vn\/vi\/wp-json\/wp\/v2\/pages"}],"about":[{"href":"https:\/\/auroravungtau.vn\/vi\/wp-json\/wp\/v2\/types\/page"}],"author":[{"embeddable":true,"href":"https:\/\/auroravungtau.vn\/vi\/wp-json\/wp\/v2\/users\/1"}],"replies":[{"embeddable":true,"href":"https:\/\/auroravungtau.vn\/vi\/wp-json\/wp\/v2\/comments?post=1361"}],"version-history":[{"count":2,"href":"https:\/\/auroravungtau.vn\/vi\/wp-json\/wp\/v2\/pages\/1361\/revisions"}],"predecessor-version":[{"id":2376,"href":"https:\/\/auroravungtau.vn\/vi\/wp-json\/wp\/v2\/pages\/1361\/revisions\/2376"}],"wp:attachment":[{"href":"https:\/\/auroravungtau.vn\/vi\/wp-json\/wp\/v2\/media?parent=1361"}],"curies":[{"name":"wp","href":"https:\/\/api.w.org\/{rel}","templated":true}]}}